{"id":115,"date":"2020-05-02T14:06:07","date_gmt":"2020-05-02T12:06:07","guid":{"rendered":"https:\/\/emdr-hypnose-praxis.de\/new\/?page_id=115"},"modified":"2025-12-20T07:57:53","modified_gmt":"2025-12-20T06:57:53","slug":"ganzkoerper","status":"publish","type":"page","link":"https:\/\/emdr-hypnose-praxis.de\/new\/ganzkoerper\/","title":{"rendered":"Ganzk\u00f6rper-Energiebehandlung"},"content":{"rendered":"<div id=\"wppb-builder-container\" class=\"wppb-builder-container\">                <div  class=\"wppb-row-parent  wppb-row-1588421189216 \"  >\n\t\t\t\t\t\n\t\t\t\t\t\t\t\t\t\t\n\t\t\t\t\t\t\t\t\t\t\n\t\t\t\t\t<div class=\"wppb-container \">\n\t\t\t\t\t\t\t\t\t\t\t\t\t\n                        <div class=\"wppb-row\">\n\t\t\t\t\t\t\t                                    <div  class=\"wppb-column-parent wppb-column-parent-view wppb-col-1588421189215  \"  >\n                                        <div class=\"wppb-column\">\n\t\t\t\t\t\n\t\t\t\t\t\t\t\t\t\t\t\n                                            <div class=\"wppb-builder-addons\">\n\t\t\t\t\t\t\t\t\t\t\t\t<div class='wppb-builder-addon wppb-addon-1588421195442 wppb-wow fadeIn'  data-wow-delay='112ms'  data-wow-duration='2233ms'  data-addon-id='1588421195442'><div class='wppb-addon'><div class=\"wppb-image-addon\"><figure class=\"wppb-image-addon-content-wrap\"><div class=\"wppb-image-addon-content wppb-imginlineblock\"><img decoding=\"async\" class=\"wppb-image-addon-img\" src=\"https:\/\/emdr-hypnose-praxis.de\/new\/wp-content\/uploads\/2025\/11\/4.png\" alt=\"Image\"><\/div><\/figure><\/div><\/div><\/div>                                            <\/div>\n                                        <\/div>\n                                    <\/div>\n\t\t\t\t\t\t\t\t\t                        <\/div>\n\n                    <\/div>\n                <\/div>\n\t\t\t\t                <div  class=\"wppb-row-parent  wppb-row-1588610482345 \"  >\n\t\t\t\t\t\n\t\t\t\t\t\t\t\t\t\t\n\t\t\t\t\t\t\t\t\t\t\n\t\t\t\t\t<div class=\"wppb-container \">\n\t\t\t\t\t\t\t\t\t\t\t\t\t\n                        <div class=\"wppb-row\">\n\t\t\t\t\t\t\t                                    <div  class=\"wppb-column-parent wppb-column-parent-view wppb-col-1588610482344  \"  >\n                                        <div class=\"wppb-column\">\n\t\t\t\t\t\n\t\t\t\t\t\t\t\t\t\t\t\n                                            <div class=\"wppb-builder-addons\">\n\t\t\t\t\t\t\t\t\t\t\t\t<div class='wppb-builder-addon wppb-addon-1588610492547 wppb-wow fadeIn'  data-wow-delay='112ms'  data-wow-duration='2233ms'  data-addon-id='1588610492547'><div class='wppb-addon'><div class=\"wppb-headline-addon\"><div class=\"wppb-headline-content\"><h2 class=\"wppb-addon-title\">Innere Oase - Wohlf\u00fchlbehandlung<\/h2><\/div><\/div><\/div><\/div>                                            <\/div>\n                                        <\/div>\n                                    <\/div>\n\t\t\t\t\t\t\t\t\t                        <\/div>\n\n                    <\/div>\n                <\/div>\n\t\t\t\t                <div  class=\"wppb-row-parent  wppb-row-1764311244153 \"  >\n\t\t\t\t\t\n\t\t\t\t\t\t\t\t\t\t\n\t\t\t\t\t\t\t\t\t\t\n\t\t\t\t\t<div class=\"wppb-container \">\n\t\t\t\t\t\t\t\t\t\t\t\t\t\n                        <div class=\"wppb-row\">\n\t\t\t\t\t\t\t                                    <div  class=\"wppb-column-parent wppb-column-parent-view wppb-col-1764311244154  \"  >\n                                        <div class=\"wppb-column\">\n\t\t\t\t\t\n\t\t\t\t\t\t\t\t\t\t\t\n                                            <div class=\"wppb-builder-addons\">\n\t\t\t\t\t\t\t\t\t\t\t\t<div class='wppb-builder-addon wppb-addon-1764311244155 wppb-wow fadeIn'  data-wow-delay='112ms'  data-wow-duration='2233ms'  data-addon-id='1764311244155'><div class='wppb-addon'><div class=\"wppb-headline-addon\"><div class=\"wppb-headline-content\"><h3 class=\"wppb-addon-title\">f\u00fcr Stressabbau, innere Ruhe &amp; neue Energie<\/h3><\/div><\/div><\/div><\/div>                                            <\/div>\n                                        <\/div>\n                                    <\/div>\n\t\t\t\t\t\t\t\t\t                        <\/div>\n\n                    <\/div>\n                <\/div>\n\t\t\t\t                <div  class=\"wppb-row-parent  wppb-row-1588421189226 \"  >\n\t\t\t\t\t\n\t\t\t\t\t\t\t\t\t\t\n\t\t\t\t\t\t\t\t\t\t\n\t\t\t\t\t<div class=\"wppb-container \">\n\t\t\t\t\t\t\t\t\t\t\t\t\t\n                        <div class=\"wppb-row\">\n\t\t\t\t\t\t\t                                    <div  class=\"wppb-column-parent wppb-column-parent-view wppb-col-1588421189225  \"  >\n                                        <div class=\"wppb-column\">\n\t\t\t\t\t\n\t\t\t\t\t\t\t\t\t\t\t\n                                            <div class=\"wppb-builder-addons\">\n\t\t\t\t\t\t\t\t\t\t\t\t<div class='wppb-builder-addon wppb-addon-1588421218608 wppb-wow fadeIn'  data-wow-delay='112ms'  data-wow-duration='2233ms'  data-addon-id='1588421218608'><div class='wppb-addon'><div class=\"wppb-text-block-addon\"><div class=\"wppb-text-block-content 0\"><p data-start=\"168\" data-end=\"297\">Erlebe eine sanfte, tiefgehende Behandlung, die K\u00f6rper, Geist und Seele harmonisiert, Stress l\u00f6st und neue Energie schenkt. In der Behandlung werden verschiedene kraftvolle Techniken kombiniert, die deinen K\u00f6rper dabei unterst\u00fctzen, tiefgehende Spannungen zu l\u00f6sen und wieder mehr Leichtigkeit zu sp\u00fcren.<\/p><p data-start=\"641\" data-end=\"1003\">In einer Zeit, in der viele Menschen viel leisten, oft alleine sind und Ber\u00fchrung selten geworden ist, schenkt diese Behandlung ein wohltuendes Gef\u00fchl von <strong data-start=\"796\" data-end=\"844\">Verbundenheit, Geborgenheit und innerer Ruhe<\/strong>.<br data-start=\"845\" data-end=\"848\" \/>Sanfte, respektvolle Ber\u00fchrung kann nachweislich Oxytocin freisetzen \u2013 das Wohlf\u00fchlhormon, das W\u00e4rme, N\u00e4he und Vertrauen in den eigenen K\u00f6rper aktiviert.<\/p><\/div><\/div><\/div><\/div>                                            <\/div>\n                                        <\/div>\n                                    <\/div>\n\t\t\t\t\t\t\t\t\t                        <\/div>\n\n                    <\/div>\n                <\/div>\n\t\t\t\t                <div  class=\"wppb-row-parent  wppb-row-1704474602161 \"  >\n\t\t\t\t\t\n\t\t\t\t\t\t\t\t\t\t\n\t\t\t\t\t\t\t\t\t\t\n\t\t\t\t\t<div class=\"wppb-container \">\n\t\t\t\t\t\t\t\t\t\t\t\t\t\n                        <div class=\"wppb-row\">\n\t\t\t\t\t\t\t                                    <div  class=\"wppb-column-parent wppb-column-parent-view wppb-col-1704474602162  \"  >\n                                        <div class=\"wppb-column\">\n\t\t\t\t\t\n\t\t\t\t\t\t\t\t\t\t\t\n                                            <div class=\"wppb-builder-addons\">\n\t\t\t\t\t\t\t\t\t\t\t\t<div class='wppb-builder-addon wppb-addon-1704474602163 wppb-wow fadeIn'  data-wow-delay='112ms'  data-wow-duration='2233ms'  data-addon-id='1704474602163'><div class='wppb-addon'><div class=\"wppb-headline-addon\"><div class=\"wppb-headline-content\"><h4 class=\"wppb-addon-title\">Was diese sanfte Behandlung f\u00fcr dich bewirken kann:<\/h4><\/div><\/div><\/div><\/div>                                            <\/div>\n                                        <\/div>\n                                    <\/div>\n\t\t\t\t\t\t\t\t\t                        <\/div>\n\n                    <\/div>\n                <\/div>\n\t\t\t\t                <div  class=\"wppb-row-parent  wppb-row-1764311243826 \"  >\n\t\t\t\t\t\n\t\t\t\t\t\t\t\t\t\t\n\t\t\t\t\t\t\t\t\t\t\n\t\t\t\t\t<div class=\"wppb-container \">\n\t\t\t\t\t\t\t\t\t\t\t\t\t\n                        <div class=\"wppb-row\">\n\t\t\t\t\t\t\t                                    <div  class=\"wppb-column-parent wppb-column-parent-view wppb-col-1764311243827  \"  >\n                                        <div class=\"wppb-column\">\n\t\t\t\t\t\n\t\t\t\t\t\t\t\t\t\t\t\n                                            <div class=\"wppb-builder-addons\">\n\t\t\t\t\t\t\t\t\t\t\t\t<div class='wppb-builder-addon wppb-addon-1764311243828 wppb-wow fadeIn'  data-wow-delay='112ms'  data-wow-duration='2233ms'  data-addon-id='1764311243828'><div class='wppb-addon'><div class=\"wppb-text-block-addon\"><div class=\"wppb-text-block-content 0\"><ul><li data-start=\"1079\" data-end=\"1122\">tiefe k\u00f6rperliche und mentale Entspannung<\/li><li data-start=\"1079\" data-end=\"1122\">sp\u00fcrbare Stressreduktion<\/li><li data-start=\"1154\" data-end=\"1192\">Aktivierung der Selbstheilungskr\u00e4fte<\/li><li data-start=\"1195\" data-end=\"1222\">St\u00e4rkung des Immunsystems<\/li><li data-start=\"1225\" data-end=\"1279\">mehr Leichtigkeit, Beweglichkeit und innere Freiheit<\/li><\/ul><\/div><\/div><\/div><\/div>                                            <\/div>\n                                        <\/div>\n                                    <\/div>\n\t\t\t\t\t\t\t\t\t                                    <div  class=\"wppb-column-parent wppb-column-parent-view wppb-col-1764311243873  \"  >\n                                        <div class=\"wppb-column\">\n\t\t\t\t\t\n\t\t\t\t\t\t\t\t\t\t\t\n                                            <div class=\"wppb-builder-addons\">\n\t\t\t\t\t\t\t\t\t\t\t\t<div class='wppb-builder-addon wppb-addon-1764311243874 wppb-wow fadeIn'  data-wow-delay='112ms'  data-wow-duration='2233ms'  data-addon-id='1764311243874'><div class='wppb-addon'><div class=\"wppb-text-block-addon\"><div class=\"wppb-text-block-content 0\"><ul><li data-start=\"1282\" data-end=\"1336\">L\u00f6sen von festgehaltenen Verspannungen und Blockaden<\/li><li data-start=\"1339\" data-end=\"1368\">harmonisiertes K\u00f6rpergef\u00fchl<\/li><li data-start=\"1371\" data-end=\"1405\">neue Energie, Klarheit und Fokus<\/li><li data-start=\"1408\" data-end=\"1447\">emotionale Stabilit\u00e4t und innere Ruhe<\/li><li data-start=\"1450\" data-end=\"1502\">sanfte Unterst\u00fctzung bei Ersch\u00f6pfung und Belastung<\/li><\/ul><\/div><\/div><\/div><\/div>                                            <\/div>\n                                        <\/div>\n                                    <\/div>\n\t\t\t\t\t\t\t\t\t                        <\/div>\n\n                    <\/div>\n                <\/div>\n\t\t\t\t                <div  class=\"wppb-row-parent  wppb-row-1764311243905 \"  >\n\t\t\t\t\t\n\t\t\t\t\t\t\t\t\t\t\n\t\t\t\t\t\t\t\t\t\t\n\t\t\t\t\t<div class=\"wppb-container \">\n\t\t\t\t\t\t\t\t\t\t\t\t\t\n                        <div class=\"wppb-row\">\n\t\t\t\t\t\t\t                                    <div  class=\"wppb-column-parent wppb-column-parent-view wppb-col-1764311243906  \"  >\n                                        <div class=\"wppb-column\">\n\t\t\t\t\t\n\t\t\t\t\t\t\t\t\t\t\t\n                                            <div class=\"wppb-builder-addons\">\n\t\t\t\t\t\t\t\t\t\t\t\t<div class='wppb-builder-addon wppb-addon-1764311243907 wppb-wow fadeIn'  data-wow-delay='112ms'  data-wow-duration='2233ms'  data-addon-id='1764311243907'><div class='wppb-addon'><div class=\"wppb-text-block-addon\"><div class=\"wppb-text-block-content 0\"><p data-start=\"1504\" data-end=\"1655\">Viele Menschen erleben die Wirkung als tiefgehend \u2013 der K\u00f6rper richtet sich neu aus, innere Prozesse kommen ins Flie\u00dfen und Spannungen l\u00f6sen sich auf nat\u00fcrliche Weise.<\/p><\/div><\/div><\/div><\/div>                                            <\/div>\n                                        <\/div>\n                                    <\/div>\n\t\t\t\t\t\t\t\t\t                        <\/div>\n\n                    <\/div>\n                <\/div>\n\t\t\t\t                <div  class=\"wppb-row-parent  wppb-row-1764311243935 \"  >\n\t\t\t\t\t\n\t\t\t\t\t\t\t\t\t\t\n\t\t\t\t\t\t\t\t\t\t\n\t\t\t\t\t<div class=\"wppb-container \">\n\t\t\t\t\t\t\t\t\t\t\t\t\t\n                        <div class=\"wppb-row\">\n\t\t\t\t\t\t\t                                    <div  class=\"wppb-column-parent wppb-column-parent-view wppb-col-1764311243936  \"  >\n                                        <div class=\"wppb-column\">\n\t\t\t\t\t\n\t\t\t\t\t\t\t\t\t\t\t\n                                            <div class=\"wppb-builder-addons\">\n\t\t\t\t\t\t\t\t\t\t\t\t<div class='wppb-builder-addon wppb-addon-1764311243937 wppb-wow fadeIn'  data-wow-delay='112ms'  data-wow-duration='2233ms'  data-addon-id='1764311243937'><div class='wppb-addon'><div class=\"wppb-headline-addon\"><div class=\"wppb-headline-content\"><h4 class=\"wppb-addon-title\">Ankommen, loslassen, wohlf\u00fchlen - der Ablauf deiner Behandlung<\/h4><\/div><\/div><\/div><\/div>                                            <\/div>\n                                        <\/div>\n                                    <\/div>\n\t\t\t\t\t\t\t\t\t                        <\/div>\n\n                    <\/div>\n                <\/div>\n\t\t\t\t                <div  class=\"wppb-row-parent  wppb-row-1764311243920 \"  >\n\t\t\t\t\t\n\t\t\t\t\t\t\t\t\t\t\n\t\t\t\t\t\t\t\t\t\t\n\t\t\t\t\t<div class=\"wppb-container \">\n\t\t\t\t\t\t\t\t\t\t\t\t\t\n                        <div class=\"wppb-row\">\n\t\t\t\t\t\t\t                                    <div  class=\"wppb-column-parent wppb-column-parent-view wppb-col-1764311243921  \"  >\n                                        <div class=\"wppb-column\">\n\t\t\t\t\t\n\t\t\t\t\t\t\t\t\t\t\t\n                                            <div class=\"wppb-builder-addons\">\n\t\t\t\t\t\t\t\t\t\t\t\t<div class='wppb-builder-addon wppb-addon-1764311243922 wppb-wow fadeIn'  data-wow-delay='112ms'  data-wow-duration='2233ms'  data-addon-id='1764311243922'><div class='wppb-addon'><div class=\"wppb-text-block-addon\"><div class=\"wppb-text-block-content 0\"><p data-start=\"201\" data-end=\"449\">Die Behanldung erfolgt vollst\u00e4ndig bekleidet, sanft und ohne dass du etwas tun musst \u2013 ein Moment, in dem du <strong data-start=\"399\" data-end=\"439\">loslassen, ankommen und einfach sein<\/strong> darfst. Mit jeder weiteren Session wird das Gef\u00fchl von <strong data-start=\"639\" data-end=\"696\">tiefer Entspannung, Wohlbefinden und innerer Klarheit<\/strong> intensiver sp\u00fcrbar.<\/p><\/div><\/div><\/div><\/div>                                            <\/div>\n                                        <\/div>\n                                    <\/div>\n\t\t\t\t\t\t\t\t\t                        <\/div>\n\n                    <\/div>\n                <\/div>\n\t\t\t\t                <div  class=\"wppb-row-parent  wppb-row-1764311243847 \"  >\n\t\t\t\t\t\n\t\t\t\t\t\t\t\t\t\t\n\t\t\t\t\t\t\t\t\t\t\n\t\t\t\t\t<div class=\"wppb-container \">\n\t\t\t\t\t\t\t\t\t\t\t\t\t\n                        <div class=\"wppb-row\">\n\t\t\t\t\t\t\t                                    <div  class=\"wppb-column-parent wppb-column-parent-view wppb-col-1764311243848  \"  >\n                                        <div class=\"wppb-column\">\n\t\t\t\t\t\n\t\t\t\t\t\t\t\t\t\t\t\n                                            <div class=\"wppb-builder-addons\">\n\t\t\t\t\t\t\t\t\t\t\t\t<div class='wppb-builder-addon wppb-addon-1764311243849 wppb-wow fadeIn'  data-wow-delay='112ms'  data-wow-duration='2233ms'  data-addon-id='1764311243849'><div class='wppb-addon'><div class=\"wppb-headline-addon\"><div class=\"wppb-headline-content\"><h4 class=\"wppb-addon-title\">Du gehst mit einem Gef\u00fchl purer Leichtigkeit und befl\u00fcgelter Energie \u2013 als w\u00fcrdest du sanft schweben.<\/h4><\/div><\/div><\/div><\/div>                                            <\/div>\n                                        <\/div>\n                                    <\/div>\n\t\t\t\t\t\t\t\t\t                        <\/div>\n\n                    <\/div>\n                <\/div>\n\t\t\t\t                <div  class=\"wppb-row-parent  wppb-row-1704474602152 \"  >\n\t\t\t\t\t\n\t\t\t\t\t\t\t\t\t\t\n\t\t\t\t\t\t\t\t\t\t\n\t\t\t\t\t<div class=\"wppb-container \">\n\t\t\t\t\t\t\t\t\t\t\t\t\t\n                        <div class=\"wppb-row\">\n\t\t\t\t\t\t\t                                    <div  class=\"wppb-column-parent wppb-column-parent-view wppb-col-1704474602153  \"  >\n                                        <div class=\"wppb-column\">\n\t\t\t\t\t\n\t\t\t\t\t\t\t\t\t\t\t\n                                            <div class=\"wppb-builder-addons\">\n\t\t\t\t\t\t\t\t\t\t\t\t<div class='wppb-builder-addon wppb-addon-1704474602154 wppb-wow fadeIn'  data-wow-delay='112ms'  data-wow-duration='2233ms'  data-addon-id='1704474602154'><div class='wppb-addon'><div class=\"wppb-text-block-addon\"><div class=\"wppb-text-block-content 0\"><p><strong>Deine Investition:<\/strong><\/p><p>90 Minuten - 100 Euro | 60 Minuten - 80 Euro<br \/><em>Plane f\u00fcr deinen Termin noch etwas Zeit (max. 20 Min.) f\u00fcr Vorgespr\u00e4ch\/Nachruhe\/Nachgespr\u00e4ch ein.<\/em><\/p><p>Buche dir jetzt deinen Wohlf\u00fchl-Termin.<\/p><\/div><\/div><\/div><\/div>                                            <\/div>\n                                        <\/div>\n                                    <\/div>\n\t\t\t\t\t\t\t\t\t                        <\/div>\n\n                    <\/div>\n                <\/div>\n\t\t\t\t                <div  class=\"wppb-row-parent  wppb-row-1763288340686 \"  >\n\t\t\t\t\t\n\t\t\t\t\t\t\t\t\t\t\n\t\t\t\t\t\t\t\t\t\t\n\t\t\t\t\t<div class=\"wppb-container \">\n\t\t\t\t\t\t\t\t\t\t\t\t\t\n                        <div class=\"wppb-row\">\n\t\t\t\t\t\t\t                                    <div  class=\"wppb-column-parent wppb-column-parent-view wppb-col-1763288340687  \"  >\n                                        <div class=\"wppb-column\">\n\t\t\t\t\t\n\t\t\t\t\t\t\t\t\t\t\t\n                                            <div class=\"wppb-builder-addons\">\n\t\t\t\t\t\t\t\t\t\t\t\t<div class='wppb-builder-addon wppb-addon-1763288340688 wppb-wow fadeIn'  data-wow-delay='112ms'  data-wow-duration='2233ms'  data-addon-id='1763288340688'><div class='wppb-addon'><div class=\"wppb-text-block-addon\"><div class=\"wppb-text-block-content 0\"><p>Ruf an: <a href=\"tel:+493033852514\" data-wplink-edit=\"true\"><strong>+49 (30) 33852514 | <\/strong><\/a>Schreibe an: <strong><a href=\"mailto:kontakt@emdr-hypnose-praxis.de\">kontakt@emdr-hypnose-praxis.de<\/a><\/strong><\/p><\/div><\/div><\/div><\/div>                                            <\/div>\n                                        <\/div>\n                                    <\/div>\n\t\t\t\t\t\t\t\t\t                        <\/div>\n\n                    <\/div>\n                <\/div>\n\t\t\t\t                <div  class=\"wppb-row-parent  wppb-row-1763288340677 \"  >\n\t\t\t\t\t\n\t\t\t\t\t\t\t\t\t\t\n\t\t\t\t\t\t\t\t\t\t\n\t\t\t\t\t<div class=\"wppb-container \">\n\t\t\t\t\t\t\t\t\t\t\t\t\t\n                        <div class=\"wppb-row\">\n\t\t\t\t\t\t\t                                    <div  class=\"wppb-column-parent wppb-column-parent-view wppb-col-1763288340678  \"  >\n                                        <div class=\"wppb-column\">\n\t\t\t\t\t\n\t\t\t\t\t\t\t\t\t\t\t\n                                            <div class=\"wppb-builder-addons\">\n\t\t\t\t\t\t\t\t\t\t\t\t<div class='wppb-builder-addon wppb-addon-1763288340679'  data-addon-id='1763288340679'><div class='wppb-addon'><div class=\"wppb-text-block-addon\"><\/div><\/div><\/div>                                            <\/div>\n                                        <\/div>\n                                    <\/div>\n\t\t\t\t\t\t\t\t\t                                    <div  class=\"wppb-column-parent wppb-column-parent-view wppb-col-1763288340680  \"  >\n                                        <div class=\"wppb-column\">\n\t\t\t\t\t\n\t\t\t\t\t\t\t\t\t\t\t\n                                            <div class=\"wppb-builder-addons\">\n\t\t\t\t\t\t\t\t\t\t\t\t<div class='wppb-builder-addon wppb-addon-1763288340681 wppb-wow fadeIn'  data-wow-delay='112ms'  data-wow-duration='2233ms'  data-addon-id='1763288340681'><div class='wppb-addon'><div class=\"wppb-image-addon\"><figure class=\"wppb-image-addon-content-wrap\"><div class=\"wppb-image-addon-content wppb-imginlineblock\"><a rel=nofolow href=\"tel:+493033852514\" target=_blank><img decoding=\"async\" class=\"wppb-image-addon-img\" src=\"https:\/\/emdr-hypnose-praxis.de\/new\/wp-content\/uploads\/2024\/12\/1-2.png\" alt=\"Image\"><\/a><\/div><\/figure><\/div><\/div><\/div>                                            <\/div>\n                                        <\/div>\n                                    <\/div>\n\t\t\t\t\t\t\t\t\t                                    <div  class=\"wppb-column-parent wppb-column-parent-view wppb-col-1763288340682  \"  >\n                                        <div class=\"wppb-column\">\n\t\t\t\t\t\n\t\t\t\t\t\t\t\t\t\t\t\n                                            <div class=\"wppb-builder-addons\">\n\t\t\t\t\t\t\t\t\t\t\t\t<div class='wppb-builder-addon wppb-addon-1763288340683 wppb-wow fadeIn'  data-wow-delay='112ms'  data-wow-duration='2233ms'  data-addon-id='1763288340683'><div class='wppb-addon'><div class=\"wppb-image-addon\"><figure class=\"wppb-image-addon-content-wrap\"><div class=\"wppb-image-addon-content wppb-imginlineblock\"><a rel=nofolow href=\"https:\/\/wa.me\/491728665170\" target=_blank><img decoding=\"async\" class=\"wppb-image-addon-img\" src=\"https:\/\/emdr-hypnose-praxis.de\/new\/wp-content\/uploads\/2024\/12\/3-2.png\" alt=\"Image\"><\/a><\/div><\/figure><\/div><\/div><\/div>                                            <\/div>\n                                        <\/div>\n                                    <\/div>\n\t\t\t\t\t\t\t\t\t                                    <div  class=\"wppb-column-parent wppb-column-parent-view wppb-col-1763288340684  \"  >\n                                        <div class=\"wppb-column\">\n\t\t\t\t\t\n\t\t\t\t\t\t\t\t\t\t\t\n                                            <div class=\"wppb-builder-addons\">\n\t\t\t\t\t\t\t\t\t\t\t\t<div class='wppb-builder-addon wppb-addon-1763288340685 wppb-wow fadeIn'  data-wow-delay='112ms'  data-wow-duration='2233ms'  data-addon-id='1763288340685'><div class='wppb-addon'><div class=\"wppb-image-addon\"><figure class=\"wppb-image-addon-content-wrap\"><div class=\"wppb-image-addon-content wppb-imginlineblock\"><a rel=nofolow href=\"mailto:kontakt@emdr-hypnose-praxis.de\" target=_blank><img decoding=\"async\" class=\"wppb-image-addon-img\" src=\"https:\/\/emdr-hypnose-praxis.de\/new\/wp-content\/uploads\/2024\/12\/2-2.png\" alt=\"Image\"><\/a><\/div><\/figure><\/div><\/div><\/div>                                            <\/div>\n                                        <\/div>\n                                    <\/div>\n\t\t\t\t\t\t\t\t\t                        <\/div>\n\n                    <\/div>\n                <\/div>\n\t\t\t\t                <div  class=\"wppb-row-parent  wppb-row-1588421189236 \"  >\n\t\t\t\t\t\n\t\t\t\t\t\t\t\t\t\t\n\t\t\t\t\t\t\t\t\t\t\n\t\t\t\t\t<div class=\"wppb-container \">\n\t\t\t\t\t\t\t\t\t\t\t\t\t\n                        <div class=\"wppb-row\">\n\t\t\t\t\t\t\t                                    <div  class=\"wppb-column-parent wppb-column-parent-view wppb-col-1588421189235  \"  >\n                                        <div class=\"wppb-column\">\n\t\t\t\t\t\n\t\t\t\t\t\t\t\t\t\t\t\n                                            <div class=\"wppb-builder-addons\">\n\t\t\t\t\t\t\t\t\t\t\t\t<div class='wppb-builder-addon wppb-addon-1588421189239 wppb-wow fadeIn'  data-wow-delay='112ms'  data-wow-duration='2233ms'  data-addon-id='1588421189239'><div class='wppb-addon'><div class=\"wppb-headline-addon\"><div class=\"wppb-headline-content\"><h3 class=\"wppb-addon-title\">Auch eine Geschenkidee ...<\/h3><\/div><\/div><\/div><\/div>                                            <\/div>\n                                        <\/div>\n                                    <\/div>\n\t\t\t\t\t\t\t\t\t                        <\/div>\n\n                    <\/div>\n                <\/div>\n\t\t\t\t<\/div>","protected":false},"excerpt":{"rendered":"<p>Innere Oase &#8211; Wohlf\u00fchlbehandlung f\u00fcr Stressabbau, innere Ruhe &amp; neue Energie Erlebe eine sanfte, tiefgehende Behandlung, die K\u00f6rper, Geist und Seele harmonisiert, Stress l\u00f6st und neue Energie schenkt. In der Behandlung werden verschiedene kraftvolle Techniken kombiniert, die deinen K\u00f6rper dabei unterst\u00fctzen, tiefgehende Spannungen zu l\u00f6sen und wieder mehr Leichtigkeit zu sp\u00fcren.In einer Zeit, in der &hellip; <\/p>\n","protected":false},"author":2,"featured_media":0,"parent":0,"menu_order":0,"comment_status":"closed","ping_status":"closed","template":"","meta":{"footnotes":""},"class_list":["post-115","page","type-page","status-publish","hentry"],"_links":{"self":[{"href":"https:\/\/emdr-hypnose-praxis.de\/new\/wp-json\/wp\/v2\/pages\/115","targetHints":{"allow":["GET"]}}],"collection":[{"href":"https:\/\/emdr-hypnose-praxis.de\/new\/wp-json\/wp\/v2\/pages"}],"about":[{"href":"https:\/\/emdr-hypnose-praxis.de\/new\/wp-json\/wp\/v2\/types\/page"}],"author":[{"embeddable":true,"href":"https:\/\/emdr-hypnose-praxis.de\/new\/wp-json\/wp\/v2\/users\/2"}],"replies":[{"embeddable":true,"href":"https:\/\/emdr-hypnose-praxis.de\/new\/wp-json\/wp\/v2\/comments?post=115"}],"version-history":[{"count":2,"href":"https:\/\/emdr-hypnose-praxis.de\/new\/wp-json\/wp\/v2\/pages\/115\/revisions"}],"predecessor-version":[{"id":725,"href":"https:\/\/emdr-hypnose-praxis.de\/new\/wp-json\/wp\/v2\/pages\/115\/revisions\/725"}],"wp:attachment":[{"href":"https:\/\/emdr-hypnose-praxis.de\/new\/wp-json\/wp\/v2\/media?parent=115"}],"curies":[{"name":"wp","href":"https:\/\/api.w.org\/{rel}","templated":true}]}}