{"id":138,"date":"2025-01-04T07:34:15","date_gmt":"2025-01-04T06:34:15","guid":{"rendered":"https:\/\/emdr-hypnose-praxis.de\/new\/?page_id=138"},"modified":"2025-01-04T07:34:16","modified_gmt":"2025-01-04T06:34:16","slug":"seminar-metamorphose","status":"publish","type":"page","link":"https:\/\/emdr-hypnose-praxis.de\/new\/seminar-metamorphose\/","title":{"rendered":"Seminar Metamorphose"},"content":{"rendered":"<div id=\"wppb-builder-container\" class=\"wppb-builder-container\">                <div  class=\"wppb-row-parent  wppb-row-1588437369307 \"  >\n\t\t\t\t\t\n\t\t\t\t\t\t\t\t\t\t\n\t\t\t\t\t\t\t\t\t\t\n\t\t\t\t\t<div class=\"wppb-container \">\n\t\t\t\t\t\t\t\t\t\t\t\t\t\n                        <div class=\"wppb-row\">\n\t\t\t\t\t\t\t                                    <div  class=\"wppb-column-parent wppb-column-parent-view wppb-col-1588437369306  \"  >\n                                        <div class=\"wppb-column\">\n\t\t\t\t\t\n\t\t\t\t\t\t\t\t\t\t\t\n                                            <div class=\"wppb-builder-addons\">\n\t\t\t\t\t\t\t\t\t\t\t\t<div class='wppb-builder-addon wppb-addon-1588437376780 wppb-wow fadeIn'  data-wow-delay='112ms'  data-wow-duration='2233ms'  data-addon-id='1588437376780'><div class='wppb-addon'><div class=\"wppb-image-addon\"><figure class=\"wppb-image-addon-content-wrap\"><div class=\"wppb-image-addon-content wppb-imginlineblock\"><img decoding=\"async\" class=\"wppb-image-addon-img\" src=\"https:\/\/emdr-hypnose-praxis.de\/new\/wp-content\/uploads\/2024\/11\/Metamorphose3307432_m-1300x450-1.png\" alt=\"Image\"><\/div><\/figure><\/div><\/div><\/div>                                            <\/div>\n                                        <\/div>\n                                    <\/div>\n\t\t\t\t\t\t\t\t\t                        <\/div>\n\n                    <\/div>\n                <\/div>\n\t\t\t\t                <div  class=\"wppb-row-parent  wppb-row-1588437369387 \"  >\n\t\t\t\t\t\n\t\t\t\t\t\t\t\t\t\t\n\t\t\t\t\t\t\t\t\t\t\n\t\t\t\t\t<div class=\"wppb-container \">\n\t\t\t\t\t\t\t\t\t\t\t\t\t\n                        <div class=\"wppb-row\">\n\t\t\t\t\t\t\t                                    <div  class=\"wppb-column-parent wppb-column-parent-view wppb-col-1588437369386  \"  >\n                                        <div class=\"wppb-column\">\n\t\t\t\t\t\n\t\t\t\t\t\t\t\t\t\t\t\n                                            <div class=\"wppb-builder-addons\">\n\t\t\t\t\t\t\t\t\t\t\t\t<div class='wppb-builder-addon wppb-addon-1588437459228 wppb-wow fadeIn'  data-wow-delay='112ms'  data-wow-duration='2233ms'  data-addon-id='1588437459228'><div class='wppb-addon'><div class=\"wppb-headline-addon\"><div class=\"wppb-headline-content\"><h2 class=\"wppb-addon-title\">Von der Raupe zum zauberhaften Schmetterling<\/h2><\/div><\/div><\/div><\/div>                                            <\/div>\n                                        <\/div>\n                                    <\/div>\n\t\t\t\t\t\t\t\t\t                        <\/div>\n\n                    <\/div>\n                <\/div>\n\t\t\t\t                <div  class=\"wppb-row-parent  wppb-row-1742638640202 \"  >\n\t\t\t\t\t\n\t\t\t\t\t\t\t\t\t\t\n\t\t\t\t\t\t\t\t\t\t\n\t\t\t\t\t<div class=\"wppb-container \">\n\t\t\t\t\t\t\t\t\t\t\t\t\t\n                        <div class=\"wppb-row\">\n\t\t\t\t\t\t\t                                    <div  class=\"wppb-column-parent wppb-column-parent-view wppb-col-1742638640203  \"  >\n                                        <div class=\"wppb-column\">\n\t\t\t\t\t\n\t\t\t\t\t\t\t\t\t\t\t\n                                            <div class=\"wppb-builder-addons\">\n\t\t\t\t\t\t\t\t\t\t\t\t<div class='wppb-builder-addon wppb-addon-1742638640204 wppb-wow fadeIn'  data-wow-delay='112ms'  data-wow-duration='2233ms'  data-addon-id='1742638640204'><div class='wppb-addon'><div class=\"wppb-image-addon\"><figure class=\"wppb-image-addon-content-wrap\"><div class=\"wppb-image-addon-content wppb-imginlineblock\"><img decoding=\"async\" class=\"wppb-image-addon-img\" src=\"https:\/\/emdr-hypnose-praxis.de\/new\/wp-content\/uploads\/2024\/12\/cropped-logo_transparent.png\" alt=\"\"><\/div><\/figure><\/div><\/div><\/div>                                            <\/div>\n                                        <\/div>\n                                    <\/div>\n\t\t\t\t\t\t\t\t\t                        <\/div>\n\n                    <\/div>\n                <\/div>\n\t\t\t\t                <div  class=\"wppb-row-parent  wppb-row-1742638640205 \"  >\n\t\t\t\t\t\n\t\t\t\t\t\t\t\t\t\t\n\t\t\t\t\t\t\t\t\t\t\n\t\t\t\t\t<div class=\"wppb-container \">\n\t\t\t\t\t\t\t\t\t\t\t\t\t\n                        <div class=\"wppb-row\">\n\t\t\t\t\t\t\t                                    <div  class=\"wppb-column-parent wppb-column-parent-view wppb-col-1742638640206  \"  >\n                                        <div class=\"wppb-column\">\n\t\t\t\t\t\n\t\t\t\t\t\t\t\t\t\t\t\n                                            <div class=\"wppb-builder-addons\">\n\t\t\t\t\t\t\t\t\t\t\t\t<div class='wppb-builder-addon wppb-addon-1742638640207 wppb-wow fadeIn'  data-wow-delay='112ms'  data-wow-duration='2233ms'  data-addon-id='1742638640207'><div class='wppb-addon'><div class=\"wppb-headline-addon\"><div class=\"wppb-headline-content\"><h3 class=\"wppb-addon-title\">Entdecke die Kraft der Metamorphose und erlerne diese einfache, dennoch wirkungsvolle Technik selbst.<\/h3><\/div><\/div><\/div><\/div>                                            <\/div>\n                                        <\/div>\n                                    <\/div>\n\t\t\t\t\t\t\t\t\t                        <\/div>\n\n                    <\/div>\n                <\/div>\n\t\t\t\t                <div  class=\"wppb-row-parent  wppb-row-1588437369317 \"  >\n\t\t\t\t\t\n\t\t\t\t\t\t\t\t\t\t\n\t\t\t\t\t\t\t\t\t\t\n\t\t\t\t\t<div class=\"wppb-container \">\n\t\t\t\t\t\t\t\t\t\t\t\t\t\n                        <div class=\"wppb-row\">\n\t\t\t\t\t\t\t                                    <div  class=\"wppb-column-parent wppb-column-parent-view wppb-col-1588437369316  \"  >\n                                        <div class=\"wppb-column\">\n\t\t\t\t\t\n\t\t\t\t\t\t\t\t\t\t\t\n                                            <div class=\"wppb-builder-addons\">\n\t\t\t\t\t\t\t\t\t\t\t\t<div class='wppb-builder-addon wppb-addon-1588437394644 wppb-wow fadeIn'  data-wow-delay='112ms'  data-wow-duration='2233ms'  data-addon-id='1588437394644'><div class='wppb-addon'><div class=\"wppb-text-block-addon\"><div class=\"wppb-text-block-content 0\"><p>Die sanfte energetische Massage an den Reflexzonen der Wirbels\u00e4ule f\u00f6rdert nicht nur tiefe Entspannung, sondern \u00f6ffnet auch T\u00fcren des Bewusstseins. Ziel ist es, tief verwurzelte Glaubensmuster, die bereits im Mutterleib entstanden sind, aufzul\u00f6sen. Diese Begrenzungen werden behutsam gelockert, und Raum entsteht f\u00fcr Lebensfreude, Heilung und Lebensenergie.<\/p><p>Die Metamorphose ist eine sanfte Methode, um tiefgreifende und nachhaltige Blockaden auf k\u00f6rperlicher, geistiger und seelischer Ebene zu l\u00f6sen. Durch diese Transformation k\u00f6nnen wir uns von dem befreien, der wir sind, und zu dem entwickeln, der wir sein k\u00f6nnen.<\/p><p>Das Seminar basiert auf der Annahme, dass der Fu\u00df das Gesamtbild des Menschen repr\u00e4sentiert und alles, was den Menschen sowohl k\u00f6rperlich als auch seelisch-geistig betrifft, am Fu\u00df wiederzufinden ist.<\/p><p>Nach diesem Tagesseminar wirst du ein solides Hintergrundwissen \u00fcber die Reflexzonen der Wirbels\u00e4ule an F\u00fc\u00dfen, H\u00e4nden und Kopf sowie die Stadien zwischen Zeugung und Geburt erlangt haben, die sich in diesen Reflexzonen widerspiegeln. Du wirst bef\u00e4higt sein, qualifizierte Metamorphose-Behandlungen durchzuf\u00fchren.<\/p><\/div><\/div><\/div><\/div>                                            <\/div>\n                                        <\/div>\n                                    <\/div>\n\t\t\t\t\t\t\t\t\t                        <\/div>\n\n                    <\/div>\n                <\/div>\n\t\t\t\t                <div  class=\"wppb-row-parent  wppb-row-1588437369437 \"  >\n\t\t\t\t\t\n\t\t\t\t\t\t\t\t\t\t\n\t\t\t\t\t\t\t\t\t\t\n\t\t\t\t\t<div class=\"wppb-container \">\n\t\t\t\t\t\t\t\t\t\t\t\t\t\n                        <div class=\"wppb-row\">\n\t\t\t\t\t\t\t                                    <div  class=\"wppb-column-parent wppb-column-parent-view wppb-col-1588437369436  \"  >\n                                        <div class=\"wppb-column\">\n\t\t\t\t\t\n\t\t\t\t\t\t\t\t\t\t\t\n                                            <div class=\"wppb-builder-addons\">\n\t\t\t\t\t\t\t\t\t\t\t\t<div class='wppb-builder-addon wppb-addon-1588437369440 wppb-wow fadeIn'  data-wow-delay='112ms'  data-wow-duration='2233ms'  data-addon-id='1588437369440'><div class='wppb-addon'><div class=\"wppb-headline-addon\"><div class=\"wppb-headline-content\"><h3 class=\"wppb-addon-title\">n\u00e4chster Termin: auf Anfrage<\/h3><\/div><\/div><\/div><\/div>                                            <\/div>\n                                        <\/div>\n                                    <\/div>\n\t\t\t\t\t\t\t\t\t                        <\/div>\n\n                    <\/div>\n                <\/div>\n\t\t\t\t                <div  class=\"wppb-row-parent  wppb-row-1588437369476 \"  >\n\t\t\t\t\t\n\t\t\t\t\t\t\t\t\t\t\n\t\t\t\t\t\t\t\t\t\t\n\t\t\t\t\t<div class=\"wppb-container \">\n\t\t\t\t\t\t\t\t\t\t\t\t\t\n                        <div class=\"wppb-row\">\n\t\t\t\t\t\t\t                                    <div  class=\"wppb-column-parent wppb-column-parent-view wppb-col-1588437369475  \"  >\n                                        <div class=\"wppb-column\">\n\t\t\t\t\t\n\t\t\t\t\t\t\t\t\t\t\t\n                                            <div class=\"wppb-builder-addons\">\n\t\t\t\t\t\t\t\t\t\t\t\t<div class='wppb-builder-addon wppb-addon-1588437650582 wppb-wow fadeIn'  data-wow-delay='112ms'  data-wow-duration='2233ms'  data-addon-id='1588437650582'><div class='wppb-addon'><div class=\"wppb-text-block-addon\"><div class=\"wppb-text-block-content 0\"><p>Wo: Heilpraxis Sylvia Porstein Kaunstra\u00dfe 16, 14163 Berlin-Zehlendorf<\/p><p>Deine Investition: 1 Tag - 195 Euro pro Person<\/p><p>Ab zwei Personen. Bei Fragen ruf gerne an oder schreib eine Nachricht.<\/p><\/div><\/div><\/div><\/div>                                            <\/div>\n                                        <\/div>\n                                    <\/div>\n\t\t\t\t\t\t\t\t\t                        <\/div>\n\n                    <\/div>\n                <\/div>\n\t\t\t\t                <div  class=\"wppb-row-parent  wppb-row-1731157269257 \"  >\n\t\t\t\t\t\n\t\t\t\t\t\t\t\t\t\t\n\t\t\t\t\t\t\t\t\t\t\n\t\t\t\t\t<div class=\"wppb-container \">\n\t\t\t\t\t\t\t\t\t\t\t\t\t\n                        <div class=\"wppb-row\">\n\t\t\t\t\t\t\t                                    <div  class=\"wppb-column-parent wppb-column-parent-view wppb-col-1731157269258  \"  >\n                                        <div class=\"wppb-column\">\n\t\t\t\t\t\n\t\t\t\t\t\t\t\t\t\t\t\n                                            <div class=\"wppb-builder-addons\">\n\t\t\t\t\t\t\t\t\t\t\t\t<div class='wppb-builder-addon wppb-addon-1731157269259 wppb-wow fadeIn'  data-wow-delay='112ms'  data-wow-duration='2233ms'  data-addon-id='1731157269259'><div class='wppb-addon'><div class=\"wppb-text-block-addon\"><div class=\"wppb-text-block-content 0\"><p>Ruf an: <a href=\"tel:+493033852514\" data-wplink-edit=\"true\"><strong>+49 (30) 33852514 | <\/strong><\/a>Schreibe an: <strong><a href=\"mailto:kontakt@emdr-hypnose-praxis.de\">kontakt@emdr-hypnose-praxis.de<\/a><\/strong><\/p><\/div><\/div><\/div><\/div>                                            <\/div>\n                                        <\/div>\n                                    <\/div>\n\t\t\t\t\t\t\t\t\t                        <\/div>\n\n                    <\/div>\n                <\/div>\n\t\t\t\t                <div  class=\"wppb-row-parent  wppb-row-1742638640230 \"  >\n\t\t\t\t\t\n\t\t\t\t\t\t\t\t\t\t\n\t\t\t\t\t\t\t\t\t\t\n\t\t\t\t\t<div class=\"wppb-container \">\n\t\t\t\t\t\t\t\t\t\t\t\t\t\n                        <div class=\"wppb-row\">\n\t\t\t\t\t\t\t                                    <div  class=\"wppb-column-parent wppb-column-parent-view wppb-col-1742638640231  \"  >\n                                        <div class=\"wppb-column\">\n\t\t\t\t\t\n\t\t\t\t\t\t\t\t\t\t\t\n                                            <div class=\"wppb-builder-addons\">\n\t\t\t\t\t\t\t\t\t\t\t\t<div class='wppb-builder-addon wppb-addon-1742638640232 wppb-wow fadeIn'  data-wow-delay='112ms'  data-wow-duration='2233ms'  data-addon-id='1742638640232'><div class='wppb-addon'><div class=\"wppb-image-addon\"><figure class=\"wppb-image-addon-content-wrap\"><div class=\"wppb-image-addon-content wppb-imginlineblock\"><img decoding=\"async\" class=\"wppb-image-addon-img\" src=\"https:\/\/emdr-hypnose-praxis.de\/new\/wp-content\/uploads\/2024\/12\/cropped-logo_transparent.png\" alt=\"\"><\/div><\/figure><\/div><\/div><\/div>                                            <\/div>\n                                        <\/div>\n                                    <\/div>\n\t\t\t\t\t\t\t\t\t                        <\/div>\n\n                    <\/div>\n                <\/div>\n\t\t\t\t                <div  class=\"wppb-row-parent  wppb-row-1589639914864 \"  >\n\t\t\t\t\t\n\t\t\t\t\t\t\t\t\t\t\n\t\t\t\t\t\t\t\t\t\t\n\t\t\t\t\t<div class=\"wppb-container \">\n\t\t\t\t\t\t\t\t\t\t\t\t\t\n                        <div class=\"wppb-row\">\n\t\t\t\t\t\t\t                                    <div  class=\"wppb-column-parent wppb-column-parent-view wppb-col-1589639914865  \"  >\n                                        <div class=\"wppb-column\">\n\t\t\t\t\t\n\t\t\t\t\t\t\t\t\t\t\t\n                                            <div class=\"wppb-builder-addons\">\n\t\t\t\t\t\t\t\t\t\t\t\t<div class='wppb-builder-addon wppb-addon-1589639914866 wppb-wow fadeIn'  data-wow-delay='112ms'  data-wow-duration='2233ms'  data-addon-id='1589639914866'><div class='wppb-addon'><div class=\"wppb-headline-addon\"><div class=\"wppb-headline-content\"><h2 class=\"wppb-addon-title\">Seminarbuchung<\/h2><\/div><\/div><\/div><\/div>                                            <\/div>\n                                        <\/div>\n                                    <\/div>\n\t\t\t\t\t\t\t\t\t                        <\/div>\n\n                    <\/div>\n                <\/div>\n\t\t\t\t                <div  class=\"wppb-row-parent  wppb-row-1589639914949 \"  >\n\t\t\t\t\t\n\t\t\t\t\t\t\t\t\t\t\n\t\t\t\t\t\t\t\t\t\t\n\t\t\t\t\t<div class=\"wppb-container \">\n\t\t\t\t\t\t\t\t\t\t\t\t\t\n                        <div class=\"wppb-row\">\n\t\t\t\t\t\t\t                                    <div  class=\"wppb-column-parent wppb-column-parent-view wppb-col-1589639914950  \"  >\n                                        <div class=\"wppb-column\">\n\t\t\t\t\t\n\t\t\t\t\t\t\t\t\t\t\t\n                                            <div class=\"wppb-builder-addons\">\n\t\t\t\t\t\t\t\t\t\t\t\t<div class='wppb-builder-addon wppb-addon-1589639914951 wppb-wow fadeIn'  data-wow-delay='112ms'  data-wow-duration='2233ms'  data-addon-id='1589639914951'><div class='wppb-addon'><div class=\"wppb-global-form-addon\"><div class=\"wppb-global-form-content  wppb-textarea-disbale-0\">            <form method=\"post\" enctype=\"multipart\/form-data\" class=\"wppb-form-addon\" data-form-id=\"1589639914951\">\r\n\t\t\t\t<input type=\"hidden\" id=\"wppb_form_nonce_field\" name=\"wppb_form_nonce_field\" value=\"14dfc8c466\" \/><input type=\"hidden\" name=\"_wp_http_referer\" value=\"\/new\/wp-json\/wp\/v2\/pages\/138\" \/>                <input type=\"hidden\" name=\"wppb_form_data\" value=\"{&quot;addon_id&quot;:1589639914951,&quot;page_id&quot;:138}\">\r\n                <div class=\"wppb-form-msg\"><\/div>\r\n                <div class=\"wppb-form-field-item-wrap\">\r\n\t\t\t\t\t                        <div class=\"wppb-form-field-repeat repeater-0\">\r\n                            <div class=\"wppb-form-field-wrap\">\r\n\t\t\t\t\t\t\t\t\t\t\t\t\t\t\t\t\t<label class=\"wppb-form-field-label\">Vorname<span class='require-sign'>*<\/span><\/label>\r\n\t\t\t\t\t\t\t\t\t\t\t\t\t\t\t\t\t\t\t\t\t\t\t\t\t \n<span class=\"wppb-form-field-item wppb-form-field-input\">\n    <input type=\"text\" name=\"wppb_default_form[0]\"  placeholder=\"Vorname\" data-required=\"true\" data-label=\"Vorname\"  >\n<\/span>\t\t\t\t\t\t\t\t                            <\/div>\r\n                        <\/div>\r\n\t\t\t\t\t\t                        <div class=\"wppb-form-field-repeat repeater-1\">\r\n                            <div class=\"wppb-form-field-wrap\">\r\n\t\t\t\t\t\t\t\t\t\t\t\t\t\t\t\t\t<label class=\"wppb-form-field-label\">Nachname<span class='require-sign'>*<\/span><\/label>\r\n\t\t\t\t\t\t\t\t\t\t\t\t\t\t\t\t\t\t\t\t\t\t\t\t\t \n<span class=\"wppb-form-field-item wppb-form-field-input\">\n    <input type=\"text\" name=\"wppb_default_form[1]\"  placeholder=\"Nachname\" data-required=\"true\" data-label=\"Nachname\"  >\n<\/span>\t\t\t\t\t\t\t\t                            <\/div>\r\n                        <\/div>\r\n\t\t\t\t\t\t                        <div class=\"wppb-form-field-repeat repeater-2\">\r\n                            <div class=\"wppb-form-field-wrap\">\r\n\t\t\t\t\t\t\t\t\t\t\t\t\t\t\t\t\t<label class=\"wppb-form-field-label\">Stra\u00dfe\/Nr.<span class='require-sign'>*<\/span><\/label>\r\n\t\t\t\t\t\t\t\t\t\t\t\t\t\t\t\t\t\t\t\t\t\t\t\t\t \n<span class=\"wppb-form-field-item wppb-form-field-input\">\n    <input type=\"text\" name=\"wppb_default_form[2]\"  placeholder=\"Stra\u00dfe\/Nr.\" data-required=\"true\" data-label=\"Stra\u00dfe\/Nr.\"  >\n<\/span>\t\t\t\t\t\t\t\t                            <\/div>\r\n                        <\/div>\r\n\t\t\t\t\t\t                        <div class=\"wppb-form-field-repeat repeater-3\">\r\n                            <div class=\"wppb-form-field-wrap\">\r\n\t\t\t\t\t\t\t\t\t\t\t\t\t\t\t\t\t<label class=\"wppb-form-field-label\">PLZ Ort<span class='require-sign'>*<\/span><\/label>\r\n\t\t\t\t\t\t\t\t\t\t\t\t\t\t\t\t\t\t\t\t\t\t\t\t\t \n<span class=\"wppb-form-field-item wppb-form-field-input\">\n    <input type=\"text\" name=\"wppb_default_form[3]\"  placeholder=\"PLZ Ort\" data-required=\"true\" data-label=\"PLZ Ort\"  >\n<\/span>\t\t\t\t\t\t\t\t                            <\/div>\r\n                        <\/div>\r\n\t\t\t\t\t\t                        <div class=\"wppb-form-field-repeat repeater-4\">\r\n                            <div class=\"wppb-form-field-wrap\">\r\n\t\t\t\t\t\t\t\t\t\t\t\t\t\t\t\t\t<label class=\"wppb-form-field-label\">Email<span class='require-sign'>*<\/span><\/label>\r\n\t\t\t\t\t\t\t\t\t\t\t\t\t\t\t\t\t\t\t\t\t\t\t\t\t\n<span class=\"wppb-form-field-item wppb-form-field-email\">\n    <input type=\"email\" name=\"wppb_default_form[4]\"  placeholder=\"Email\" data-required=\"true\" data-label=\"Email\" >\n<\/span>\t\t\t\t\t\t\t\t                            <\/div>\r\n                        <\/div>\r\n\t\t\t\t\t\t                        <div class=\"wppb-form-field-repeat repeater-5\">\r\n                            <div class=\"wppb-form-field-wrap\">\r\n\t\t\t\t\t\t\t\t\t\t\t\t\t\t\t\t\t<label class=\"wppb-form-field-label\">Telefon<span class='require-sign'>*<\/span><\/label>\r\n\t\t\t\t\t\t\t\t\t\t\t\t\t\t\t\t\t\t\t\t\t\t\t\t\t \n<span class=\"wppb-form-field-item wppb-form-field-input\">\n    <input type=\"text\" name=\"wppb_default_form[5]\"  placeholder=\"Telefon\" data-required=\"true\" data-label=\"Telefon\"  >\n<\/span>\t\t\t\t\t\t\t\t                            <\/div>\r\n                        <\/div>\r\n\t\t\t\t\t\t                        <div class=\"wppb-form-field-repeat repeater-6\">\r\n                            <div class=\"wppb-form-field-wrap\">\r\n\t\t\t\t\t\t\t\t\t\t\t\t\t\t\t\t\t<label class=\"wppb-form-field-label\">Welches Seminar m\u00f6chtest du buchen?<span class='require-sign'>*<\/span><\/label>\r\n\t\t\t\t\t\t\t\t\t\t\t\t\t\t\t\t\t\t\t\t\t\t\t\t\t            <span class=\"wppb-form-field-item wppb-form-field-checkbox\">\n                <input type=\"checkbox\" name=\"wppb_default_form[6][0]\" value=\"Metamorphose\" 1 > \n                <label for=\"wppb_default_form[6][0]\">Metamorphose<\/label>\n            <\/span>\n                        <span class=\"wppb-form-field-item wppb-form-field-checkbox\">\n                <input type=\"checkbox\" name=\"wppb_default_form[6][1]\" value=\"Klangmassage\" 1 > \n                <label for=\"wppb_default_form[6][1]\">Klangmassage<\/label>\n            <\/span>\n                        <span class=\"wppb-form-field-item wppb-form-field-checkbox\">\n                <input type=\"checkbox\" name=\"wppb_default_form[6][2]\" value=\"Notfalltechniken bei Angst &amp; Panik\" 1 > \n                <label for=\"wppb_default_form[6][2]\">Notfalltechniken bei Angst &amp; Panik<\/label>\n            <\/span>\n            \t\t\t\t\t\t\t\t                            <\/div>\r\n                        <\/div>\r\n\t\t\t\t\t\t                        <div class=\"wppb-form-field-repeat repeater-7\">\r\n                            <div class=\"wppb-form-field-wrap\">\r\n\t\t\t\t\t\t\t\t\t\t\t\t\t\t\t\t\t<label class=\"wppb-form-field-label\">M\u00f6chtest du mir noch etwas mitteilen?<\/label>\r\n\t\t\t\t\t\t\t\t\t\t\t\t\t\t\t\t\t\t\t\t\t\t\t\t\t<span class=\"wppb-form-field-item wppb-form-field-textarea\">\n    <textarea name=\"wppb_default_form[7]\"  placeholder=\"M\u00f6chtest du mir noch etwas mitteilen?\"  ><\/textarea>\n<\/span>\t\t\t\t\t\t\t\t                            <\/div>\r\n                        <\/div>\r\n\t\t\t\t\t\t                <\/div>\r\n\r\n\t\t\t\t\r\n\t\t\t\t                    <div class=\"wppb-form-google-recaptcha google_recaptcha_wrap\">\r\n                        <div class=\"g-recaptcha\" data-sitekey=\"6Lfc_kcUAAAAALjjG7IDRzNRrWOxacxWkY9Kod2X\"><\/div>\r\n                    <\/div>\r\n\t\t\t\t\t\r\n\t\t\t\t\r\n                <div class=\"wppb_form_addon_submit_btn_wrap wppb-form-btn-wrap\">\r\n                    <button class=\"wppb-btn-forms wppb_form_addon_submit  wppb-btn-full-yes\" type=\"submit\"> <span>verbindlich buchen<\/span> <\/button>\r\n                <\/div>\r\n\r\n                <div class=\"wppb_form_response\"><\/div>\r\n            <\/form>\r\n\r\n\t\t\t<\/div><\/div><\/div><\/div>                                            <\/div>\n                                        <\/div>\n                                    <\/div>\n\t\t\t\t\t\t\t\t\t                        <\/div>\n\n                    <\/div>\n                <\/div>\n\t\t\t\t<\/div>","protected":false},"excerpt":{"rendered":"<p>Von der Raupe zum zauberhaften Schmetterling Entdecke die Kraft der Metamorphose und erlerne diese einfache, dennoch wirkungsvolle Technik selbst. Die sanfte energetische Massage an den Reflexzonen der Wirbels\u00e4ule f\u00f6rdert nicht nur tiefe Entspannung, sondern \u00f6ffnet auch T\u00fcren des Bewusstseins. Ziel ist es, tief verwurzelte Glaubensmuster, die bereits im Mutterleib entstanden sind, aufzul\u00f6sen. Diese Begrenzungen werden &hellip; <\/p>\n","protected":false},"author":2,"featured_media":0,"parent":0,"menu_order":0,"comment_status":"closed","ping_status":"closed","template":"","meta":{"footnotes":""},"class_list":["post-138","page","type-page","status-publish","hentry"],"_links":{"self":[{"href":"https:\/\/emdr-hypnose-praxis.de\/new\/wp-json\/wp\/v2\/pages\/138","targetHints":{"allow":["GET"]}}],"collection":[{"href":"https:\/\/emdr-hypnose-praxis.de\/new\/wp-json\/wp\/v2\/pages"}],"about":[{"href":"https:\/\/emdr-hypnose-praxis.de\/new\/wp-json\/wp\/v2\/types\/page"}],"author":[{"embeddable":true,"href":"https:\/\/emdr-hypnose-praxis.de\/new\/wp-json\/wp\/v2\/users\/2"}],"replies":[{"embeddable":true,"href":"https:\/\/emdr-hypnose-praxis.de\/new\/wp-json\/wp\/v2\/comments?post=138"}],"version-history":[{"count":2,"href":"https:\/\/emdr-hypnose-praxis.de\/new\/wp-json\/wp\/v2\/pages\/138\/revisions"}],"predecessor-version":[{"id":183,"href":"https:\/\/emdr-hypnose-praxis.de\/new\/wp-json\/wp\/v2\/pages\/138\/revisions\/183"}],"wp:attachment":[{"href":"https:\/\/emdr-hypnose-praxis.de\/new\/wp-json\/wp\/v2\/media?parent=138"}],"curies":[{"name":"wp","href":"https:\/\/api.w.org\/{rel}","templated":true}]}}