{"id":151,"date":"2020-05-02T19:36:53","date_gmt":"2020-05-02T17:36:53","guid":{"rendered":"https:\/\/emdr-hypnose-praxis.de\/new\/?page_id=151"},"modified":"2024-11-05T14:07:50","modified_gmt":"2024-11-05T13:07:50","slug":"impressum","status":"publish","type":"page","link":"https:\/\/emdr-hypnose-praxis.de\/new\/impressum\/","title":{"rendered":"Impressum"},"content":{"rendered":"\n<p><strong>Verantwortlich f\u00fcr den Inhalt dieser Website:<\/strong><br>Sylvia Porstein \u2013 Heilpraktikerin f\u00fcr Psychotherapie<\/p>\n\n\n\n<p><strong>Kontaktinformationen:<\/strong><br>Tel.: +49 (30) 33852514&nbsp;<br>Mobil: +49 (172) 866 51 70<br>E-Mail: kontakt@emdr-hypnose-praxis.de<\/p>\n\n\n\n<p>Kaunstra\u00dfe 16<br>14163 Berlin<\/p>\n\n\n\n<p><strong>T\u00e4tigkeit:<\/strong><br>Erlaubnis zur berufsm\u00e4\u00dfigen Aus\u00fcbung der Heilkunde ohne Bestallung, eingeschr\u00e4nkt f\u00fcr den Bereich Psychotherapie nach \u00a71, Abs.1 des Heilpraktikergesetzes am 12. Juni 2014 durch Bezirksamt Lichtenberg von Berlin, Abteilung Gesundheitsamt<\/p>\n\n\n\n<p><strong>Rechtsgrundlage:<\/strong><br>\u00a7 1 HPG und 1. DVO vom 17.02.1939 (RGBI. I S. 251)<br>Geltungsbereich: Bundesrepublik Deutschland<\/p>\n\n\n\n<p><strong>Berufshaftpflichtversicherung:<\/strong><br>Geltungsbereich: Deutschland <br>Versicherungstr\u00e4ger:<br>Continentale Sachversicherung A.G. Ruhrallee 94<br>44139 Dortmund<br>Vertreten durch<br>Landesdirektion<br>Zellerer GmbH<br>Forstenrieder Allee 70<br>81476 M\u00fcnchen&nbsp;www.continentale.info<\/p>\n\n\n\n<p><\/p>\n\n\n\n<p><strong>Aufsichtsbeh\u00f6rde:<\/strong><br>Landesamt f\u00fcr Gesundheit und Soziales<br>Fehrbelliner Platz 1<br>10707 Berlin<\/p>\n\n\n\n<p><strong>Heilversprechen:<\/strong><br>Aus rechtlichen Gr\u00fcnden m\u00f6chte ich Sie auf Folgendes aufmerksam machen:<br>Alle Angaben auf dieser Homepage \u00fcber mich und meine Arbeit dienen ausschlie\u00dflich der Information. Ein Heilversprechen kann hieraus nicht abgeleitet werden. Auch die Linderung und\/oder Besserung eines Krankheitszustandes wird nicht versprochen oder zugesagt. Zudem dient diese Homepage keinesfalls zur Findung und\/oder Festlegung von Eigendiagnosen. Jeder Klient ist aufgefordert, medizinische Behandlungen nicht zu unterbrechen oder aufzugeben. Die Behandlung psychischer Ursachen, die sich auf k\u00f6rperlicher Ebene widerspiegeln, bedarf der vorherigen \u00e4rztlichen Abkl\u00e4rung.<\/p>\n\n\n\n<p><strong>Berufsrechtliche Regelungen:<\/strong><br><a href=\"http:\/\/www.heilpraktiker-psychotherapie.de\/gesetze\/heilpraktikergesetz\/\" target=\"_blank\" rel=\"noreferrer noopener\">Heilpraktikergesetz<\/a><\/p>\n\n\n\n<p>Heilkundliche T\u00e4tigkeit ist gem\u00e4\u00df \u00a74 Nr.14 UStG von der Umsatzsteuer befreit.<\/p>\n\n\n\n<p><strong>Behandlungskosten:<\/strong><br>Die gesetzlichen Krankenkassen \u00fcbernehmen die Kosten f\u00fcr Psychotherapie nach dem Heilpraktikergesetz (HPG) leider nicht. Einige Kassen bieten jedoch Zusatzversicherungen an, in denen diese Leistungen enthalten sind.<br>Bitte fordern Sie vor Beginn der Therapie die Informationen Ihrer Privatversicherung zur Kosten\u00fcbernahme f\u00fcr Psychotherapie an. Wichtig ist insbesondere die Frage, welche therapeutischen Verfahren und welcher Umfang finanziert werden.<br>Die Kostenerstattung durch Versicherungen erfolgt immer unabh\u00e4ngig vom Behandlungsvertrag (Dienstvertrag) zwischen mir und meinen Klienten. Die f\u00fcr meine Arbeit entstehenden Behandlungskosten sind somit unabh\u00e4ngig von einer eventuell zu erwartenden Erstattung Ihrer Krankenkasse. Der ausgewiesene Rechnungsbetrag ist daher immer in voller H\u00f6he zu zahlen und zwar unabh\u00e4ngig von einer abweichenden Beurteilung der medizinischen Notwendigkeit oder einer abweichenden Erstattung durch Beihilfestellen oder private Krankenkassen.&nbsp;<\/p>\n\n\n\n<p><strong>Vorteile f\u00fcr Selbstzahler:<\/strong><br>Ihre psychotherapeutische Behandlung wird im Gegensatz zur krankenkassenfinanzierten Therapie nicht aktenkundig. Dies ist beispielsweise f\u00fcr den sp\u00e4teren Abschluss einer Lebens- oder Berufsunf\u00e4higkeitsversicherung relevant und es spart nebenbei einen enormen b\u00fcrokratischen Aufwand zu Beginn und w\u00e4hrend der Therapie sowie Therapieunterbrechungen durch das Antragsverfahren.<\/p>\n\n\n\n<p><strong>Datenschutzbestimmungen:<\/strong><br>Als Heilpraktiker f\u00fcr Psychotherapie unterliege ich der Schweigepflicht!<br>Alle Daten, die Sie mir anvertrauen, sei es per Telefon, E-Mail, Fax oder in einem pers\u00f6nlichen Gespr\u00e4ch werden selbstverst\u00e4ndlich absolut vertraulich behandelt. Ich gebe keine Daten oder Informationen an Dritte weiter. Nicht mehr ben\u00f6tigte Daten werden umgehend gel\u00f6scht, bzw. vernichtet. Weiter Informationen entnehmen Sie bitte der&nbsp;<a href=\"https:\/\/emdr-hypnose-praxis.de\/new\/datenschutz\/\">Datenschutzerkl\u00e4rung<\/a><\/p>\n\n\n\n<p><strong>Urheberrecht:<\/strong><br>Die hier ver\u00f6ffentlichten Daten sind urheberrecht\u00adlich gesch\u00fctzt. F\u00fcr Fehler im Text oder falsche Links wird keine Haftung \u00fcbernommen. Eine anderweitige Reproduktion, Mirroring oder Anzeige innerhalb fremder Frames ist ohne schriftliche Genehmigung untersagt.<\/p>\n\n\n\n<p><strong>Haftung f\u00fcr Links:<\/strong><br>Dieses Angebot enth\u00e4lt Links zu externen Webseiten Dritter, auf deren Inhalte ich keinen Einfluss habe. Deshalb kann ich f\u00fcr diese fremden Inhalte auch keine Gew\u00e4hr \u00fcbernehmen. F\u00fcr die Inhalte der verlinkten Seiten ist stets der jeweilige Anbieter oder Betreiber der Seiten verantwortlich. Die verlinkten Seiten wurden zum Zeitpunkt der Verlinkung auf m\u00f6gliche Rechtsverst\u00f6\u00dfe \u00fcberpr\u00fcft. Rechtswidrige Inhalte waren zum Zeitpunkt der Verlinkung nicht erkennbar. Eine permanente inhaltliche Kontrolle der verlinkten Seiten ist jedoch ohne konkrete Anhaltspunkte einer Rechtsverletzung nicht zumutbar. Bei Bekanntwerden von Rechtsverletzungen werde ich derartige Links umgehend entfernen.<br><strong>Bildernachweis:<\/strong><br>123rf.com | Pixabay.com | Canva | Studioline Photography<\/p>\n","protected":false},"excerpt":{"rendered":"<p>Verantwortlich f\u00fcr den Inhalt dieser Website:Sylvia Porstein \u2013 Heilpraktikerin f\u00fcr Psychotherapie Kontaktinformationen:Tel.: +49 (30) 33852514&nbsp;Mobil: +49 (172) 866 51 70E-Mail: kontakt@emdr-hypnose-praxis.de Kaunstra\u00dfe 1614163 Berlin T\u00e4tigkeit:Erlaubnis zur berufsm\u00e4\u00dfigen Aus\u00fcbung der Heilkunde ohne Bestallung, eingeschr\u00e4nkt f\u00fcr den Bereich Psychotherapie nach \u00a71, Abs.1 des Heilpraktikergesetzes am 12. Juni 2014 durch Bezirksamt Lichtenberg von Berlin, Abteilung Gesundheitsamt Rechtsgrundlage:\u00a7 1 &hellip; <\/p>\n","protected":false},"author":2,"featured_media":0,"parent":0,"menu_order":0,"comment_status":"closed","ping_status":"closed","template":"","meta":{"footnotes":""},"class_list":["post-151","page","type-page","status-publish","hentry"],"_links":{"self":[{"href":"https:\/\/emdr-hypnose-praxis.de\/new\/wp-json\/wp\/v2\/pages\/151","targetHints":{"allow":["GET"]}}],"collection":[{"href":"https:\/\/emdr-hypnose-praxis.de\/new\/wp-json\/wp\/v2\/pages"}],"about":[{"href":"https:\/\/emdr-hypnose-praxis.de\/new\/wp-json\/wp\/v2\/types\/page"}],"author":[{"embeddable":true,"href":"https:\/\/emdr-hypnose-praxis.de\/new\/wp-json\/wp\/v2\/users\/2"}],"replies":[{"embeddable":true,"href":"https:\/\/emdr-hypnose-praxis.de\/new\/wp-json\/wp\/v2\/comments?post=151"}],"version-history":[{"count":8,"href":"https:\/\/emdr-hypnose-praxis.de\/new\/wp-json\/wp\/v2\/pages\/151\/revisions"}],"predecessor-version":[{"id":562,"href":"https:\/\/emdr-hypnose-praxis.de\/new\/wp-json\/wp\/v2\/pages\/151\/revisions\/562"}],"wp:attachment":[{"href":"https:\/\/emdr-hypnose-praxis.de\/new\/wp-json\/wp\/v2\/media?parent=151"}],"curies":[{"name":"wp","href":"https:\/\/api.w.org\/{rel}","templated":true}]}}