{"id":491,"date":"2025-01-04T07:33:23","date_gmt":"2025-01-04T06:33:23","guid":{"rendered":"https:\/\/emdr-hypnose-praxis.de\/new\/?page_id=491"},"modified":"2025-01-04T07:33:24","modified_gmt":"2025-01-04T06:33:24","slug":"phoenix-magie","status":"publish","type":"page","link":"https:\/\/emdr-hypnose-praxis.de\/new\/phoenix-magie\/","title":{"rendered":"Phoenix-Magie"},"content":{"rendered":"<div id=\"wppb-builder-container\" class=\"wppb-builder-container\">                <div  class=\"wppb-row-parent  wppb-row-1706364896747 \"  >\n\t\t\t\t\t\n\t\t\t\t\t\t\t\t\t\t\n\t\t\t\t\t\t\t\t\t\t\n\t\t\t\t\t<div class=\"wppb-container \">\n\t\t\t\t\t\t\t\t\t\t\t\t\t\n                        <div class=\"wppb-row\">\n\t\t\t\t\t\t\t                                    <div  class=\"wppb-column-parent wppb-column-parent-view wppb-col-1706364896748  \"  >\n                                        <div class=\"wppb-column\">\n\t\t\t\t\t\n\t\t\t\t\t\t\t\t\t\t\t\n                                            <div class=\"wppb-builder-addons\">\n\t\t\t\t\t\t\t\t\t\t\t\t<div class='wppb-builder-addon wppb-addon-1706364896749 wppb-wow fadeIn'  data-wow-delay='112ms'  data-wow-duration='2233ms'  data-addon-id='1706364896749'><div class='wppb-addon'><div class=\"wppb-image-addon\"><figure class=\"wppb-image-addon-content-wrap\"><div class=\"wppb-image-addon-content wppb-imginlineblock\"><img decoding=\"async\" class=\"wppb-image-addon-img\" src=\"https:\/\/emdr-hypnose-praxis.de\/new\/wp-content\/uploads\/2024\/11\/Phoenix-Chatty.png\" alt=\"Image\"><\/div><\/figure><\/div><\/div><\/div>                                            <\/div>\n                                        <\/div>\n                                    <\/div>\n\t\t\t\t\t\t\t\t\t                        <\/div>\n\n                    <\/div>\n                <\/div>\n\t\t\t\t                <div  class=\"wppb-row-parent  wppb-row-1706364896738 \"  >\n\t\t\t\t\t\n\t\t\t\t\t\t\t\t\t\t\n\t\t\t\t\t\t\t\t\t\t\n\t\t\t\t\t<div class=\"wppb-container \">\n\t\t\t\t\t\t\t\t\t\t\t\t\t\n                        <div class=\"wppb-row\">\n\t\t\t\t\t\t\t                                    <div  class=\"wppb-column-parent wppb-column-parent-view wppb-col-1706364896739  \"  >\n                                        <div class=\"wppb-column\">\n\t\t\t\t\t\n\t\t\t\t\t\t\t\t\t\t\t\n                                            <div class=\"wppb-builder-addons\">\n\t\t\t\t\t\t\t\t\t\t\t\t<div class='wppb-builder-addon wppb-addon-1706364896740 wppb-wow fadeIn'  data-wow-delay='112ms'  data-wow-duration='2233ms'  data-addon-id='1706364896740'><div class='wppb-addon'><div class=\"wppb-headline-addon\"><div class=\"wppb-headline-content\"><h2 class=\"wppb-addon-title\">Befreie dich von Selbstzweifeln \u2013 erlebe Selbstliebe, innere Freiheit und magische Ver\u00e4nderungen!<\/h2><\/div><\/div><\/div><\/div>                                            <\/div>\n                                        <\/div>\n                                    <\/div>\n\t\t\t\t\t\t\t\t\t                        <\/div>\n\n                    <\/div>\n                <\/div>\n\t\t\t\t                <div  class=\"wppb-row-parent  wppb-row-1742638197239 \"  >\n\t\t\t\t\t\n\t\t\t\t\t\t\t\t\t\t\n\t\t\t\t\t\t\t\t\t\t\n\t\t\t\t\t<div class=\"wppb-container \">\n\t\t\t\t\t\t\t\t\t\t\t\t\t\n                        <div class=\"wppb-row\">\n\t\t\t\t\t\t\t                                    <div  class=\"wppb-column-parent wppb-column-parent-view wppb-col-1742638197240  \"  >\n                                        <div class=\"wppb-column\">\n\t\t\t\t\t\n\t\t\t\t\t\t\t\t\t\t\t\n                                            <div class=\"wppb-builder-addons\">\n\t\t\t\t\t\t\t\t\t\t\t\t<div class='wppb-builder-addon wppb-addon-1742638197241 wppb-wow fadeIn'  data-wow-delay='112ms'  data-wow-duration='2233ms'  data-addon-id='1742638197241'><div class='wppb-addon'><div class=\"wppb-image-addon\"><figure class=\"wppb-image-addon-content-wrap\"><div class=\"wppb-image-addon-content wppb-imginlineblock\"><img decoding=\"async\" class=\"wppb-image-addon-img\" src=\"https:\/\/emdr-hypnose-praxis.de\/new\/wp-content\/uploads\/2024\/12\/cropped-logo_transparent.png\" alt=\"\"><\/div><\/figure><\/div><\/div><\/div>                                            <\/div>\n                                        <\/div>\n                                    <\/div>\n\t\t\t\t\t\t\t\t\t                        <\/div>\n\n                    <\/div>\n                <\/div>\n\t\t\t\t                <div  class=\"wppb-row-parent  wppb-row-1706364896733 \"  >\n\t\t\t\t\t\n\t\t\t\t\t\t\t\t\t\t\n\t\t\t\t\t\t\t\t\t\t\n\t\t\t\t\t<div class=\"wppb-container \">\n\t\t\t\t\t\t\t\t\t\t\t\t\t\n                        <div class=\"wppb-row\">\n\t\t\t\t\t\t\t                                    <div  class=\"wppb-column-parent wppb-column-parent-view wppb-col-1706364896736  \"  >\n                                        <div class=\"wppb-column\">\n\t\t\t\t\t\n\t\t\t\t\t\t\t\t\t\t\t\n                                            <div class=\"wppb-builder-addons\">\n\t\t\t\t\t\t\t\t\t\t\t\t<div class='wppb-builder-addon wppb-addon-1706364896737 wppb-wow fadeIn'  data-wow-delay='112ms'  data-wow-duration='2233ms'  data-addon-id='1706364896737'><div class='wppb-addon'><div class=\"wppb-text-block-addon\"><div class=\"wppb-text-block-content 0\"><p>Inspiriert vom legend\u00e4ren Aufstieg des Ph\u00f6nix aus der Asche ist die Phoenix-Magie eine Reise zu dir selbst, eine Reise der Erneuerung und des pers\u00f6nlichen Wachstums voller zauberhafter Momente.<\/p><p>Erlebe mit der Phoenix Magie nicht nur ein Programm, sondern eine Reise zu deinem <strong>inneren Selbst<\/strong>, zu einem <strong>tieferen Selbstwert<\/strong>, einem <strong>unersch\u00fctterlichen Selbstvertrauen<\/strong> und <strong>bedingungsloser Selbstliebe<\/strong>. Eine Reise, die dein Leben auf unvorstellbare Weise bereichern wird.<\/p><p>Auf unserem gemeinsamen Weg mit diesem kraftvollen Programm begleite ich dich \u00fcber einen l\u00e4ngeren Zeitraum. Du bist nicht allein auf deinem Weg. Ich reiche dir meine Hand und stehe dir bei jedem Schritt zur Seite, um dich bestm\u00f6glich zu unterst\u00fctzen. \u00a0Auf diese Weise wirst du eine bemerkenswerte, ganzheitliche und lebensver\u00e4ndernde Transformation erleben.<\/p><\/div><\/div><\/div><\/div>                                            <\/div>\n                                        <\/div>\n                                    <\/div>\n\t\t\t\t\t\t\t\t\t                        <\/div>\n\n                    <\/div>\n                <\/div>\n\t\t\t\t                <div  class=\"wppb-row-parent  wppb-row-1742638197242 \"  >\n\t\t\t\t\t\n\t\t\t\t\t\t\t\t\t\t\n\t\t\t\t\t\t\t\t\t\t\n\t\t\t\t\t<div class=\"wppb-container \">\n\t\t\t\t\t\t\t\t\t\t\t\t\t\n                        <div class=\"wppb-row\">\n\t\t\t\t\t\t\t                                    <div  class=\"wppb-column-parent wppb-column-parent-view wppb-col-1742638197243  \"  >\n                                        <div class=\"wppb-column\">\n\t\t\t\t\t\n\t\t\t\t\t\t\t\t\t\t\t\n                                            <div class=\"wppb-builder-addons\">\n\t\t\t\t\t\t\t\t\t\t\t\t<div class='wppb-builder-addon wppb-addon-1742638197244 wppb-wow fadeIn'  data-wow-delay='112ms'  data-wow-duration='2233ms'  data-addon-id='1742638197244'><div class='wppb-addon'><div class=\"wppb-image-addon\"><figure class=\"wppb-image-addon-content-wrap\"><div class=\"wppb-image-addon-content wppb-imginlineblock\"><img decoding=\"async\" class=\"wppb-image-addon-img\" src=\"https:\/\/emdr-hypnose-praxis.de\/new\/wp-content\/uploads\/2024\/12\/cropped-logo_transparent.png\" alt=\"\"><\/div><\/figure><\/div><\/div><\/div>                                            <\/div>\n                                        <\/div>\n                                    <\/div>\n\t\t\t\t\t\t\t\t\t                        <\/div>\n\n                    <\/div>\n                <\/div>\n\t\t\t\t                <div  class=\"wppb-row-parent  wppb-row-1706364896767 \"  >\n\t\t\t\t\t\n\t\t\t\t\t\t\t\t\t\t\n\t\t\t\t\t\t\t\t\t\t\n\t\t\t\t\t<div class=\"wppb-container \">\n\t\t\t\t\t\t\t\t\t\t\t\t\t\n                        <div class=\"wppb-row\">\n\t\t\t\t\t\t\t                                    <div  class=\"wppb-column-parent wppb-column-parent-view wppb-col-1706364896768  \"  >\n                                        <div class=\"wppb-column\">\n\t\t\t\t\t\n\t\t\t\t\t\t\t\t\t\t\t\n                                            <div class=\"wppb-builder-addons\">\n\t\t\t\t\t\t\t\t\t\t\t\t<div class='wppb-builder-addon wppb-addon-1706364896769 wppb-wow fadeIn'  data-wow-delay='112ms'  data-wow-duration='2233ms'  data-addon-id='1706364896769'><div class='wppb-addon'><div class=\"wppb-headline-addon\"><div class=\"wppb-headline-content\"><h3 class=\"wppb-addon-title\">Welchen Zauber beinhaltet die Phoenix-Magie?<\/h3><\/div><\/div><\/div><\/div>                                            <\/div>\n                                        <\/div>\n                                    <\/div>\n\t\t\t\t\t\t\t\t\t                        <\/div>\n\n                    <\/div>\n                <\/div>\n\t\t\t\t                <div  class=\"wppb-row-parent  wppb-row-1706364896764 \"  >\n\t\t\t\t\t\n\t\t\t\t\t\t\t\t\t\t\n\t\t\t\t\t\t\t\t\t\t\n\t\t\t\t\t<div class=\"wppb-container \">\n\t\t\t\t\t\t\t\t\t\t\t\t\t\n                        <div class=\"wppb-row\">\n\t\t\t\t\t\t\t                                    <div  class=\"wppb-column-parent wppb-column-parent-view wppb-col-1706364896765  \"  >\n                                        <div class=\"wppb-column\">\n\t\t\t\t\t\n\t\t\t\t\t\t\t\t\t\t\t\n                                            <div class=\"wppb-builder-addons\">\n\t\t\t\t\t\t\t\t\t\t\t\t<div class='wppb-builder-addon wppb-addon-1706364896766 wppb-wow fadeIn'  data-wow-delay='112ms'  data-wow-duration='2233ms'  data-addon-id='1706364896766'><div class='wppb-addon'><div class=\"wppb-text-block-addon\"><div class=\"wppb-text-block-content 0\"><p>Die Phoenix-Magie ist ein Programm, das dich mit magischer Kraft zu deiner besten Version wachsen l\u00e4sst!<\/p><p>Stell dir vor, du lebst ein Leben, das wirklich deins ist \u2013 erf\u00fcllt von echtem Selbstwert, Selbstvertrauen und innerer Freiheit. Die Phoenix-Magie bringt dich genau dahin: ohne Umwege, mit voller Kraft und klaren Schritten. Entdecke, was m\u00f6glich ist, wenn du dich selbst neu definierst und deine innere St\u00e4rke lebst.<\/p><p>Hierauf kannst du dich unter anderem freuen:<\/p><ul><li><span style=\"color: #aa7235\">Wir entfachen die Magie, um emotionale, mentale und seelische Verletzungen zu heilen.<\/span><\/li><li><span style=\"color: #aa7235\">Gemeinsam l\u00f6sen oder transformieren wir falsche Glaubenss\u00e4tze und Glaubensmuster.<\/span><\/li><li><span style=\"color: #aa7235\">Wir f\u00fchren dein Familiensystem zur Heilung.<\/span><\/li><li><span style=\"color: #aa7235\">Wir Harmonisieren dein inneres Kind.<\/span><\/li><li><span style=\"color: #aa7235\">Wir befreien dich von Karma.<\/span><\/li><li><span style=\"color: #aa7235\">Wir unterst\u00fctzen dich bei der Entfaltung einer harmonischen Partnerschaft.<\/span><\/li><li><span style=\"color: #aa7235\">Wir f\u00f6rdern deine nat\u00fcrliche Sch\u00f6nheit und jugendliche Ausstrahlung.<\/span><\/li><li><span style=\"color: #aa7235\">Wir f\u00fchren dich zu deiner wahren Selbstliebe, damit du dich in deiner Einzigartigkeit annehmen kannst.<\/span><\/li><\/ul><p>Wir passen uns individuell an deine Bed\u00fcrfnisse und W\u00fcnsche an, damit du endlich das erf\u00fcllende Leben erreichst, von dem du schon immer getr\u00e4umt hast.<\/p><p>Die Phoenix-Magie dringt zur Wurzel der Probleme vor und erm\u00f6glicht eine noch tiefgreifendere und nachhaltigere Transformation. In unserem vertieften Programm \u00f6ffnen wir die T\u00fcren zu einer Welt, in der du dich wahrhaftig gl\u00fccklich, gesund und selbstbestimmt f\u00fchlst.<\/p><p>Bist du bereit, den ersten Schritt in Richtung deiner besten Version zu machen? Die Phoenix-Magie begleitet dich auf diesem einzigartigen Weg der Ver\u00e4nderung.<\/p><\/div><\/div><\/div><\/div>                                            <\/div>\n                                        <\/div>\n                                    <\/div>\n\t\t\t\t\t\t\t\t\t                        <\/div>\n\n                    <\/div>\n                <\/div>\n\t\t\t\t                <div  class=\"wppb-row-parent  wppb-row-1742638197245 \"  >\n\t\t\t\t\t\n\t\t\t\t\t\t\t\t\t\t\n\t\t\t\t\t\t\t\t\t\t\n\t\t\t\t\t<div class=\"wppb-container \">\n\t\t\t\t\t\t\t\t\t\t\t\t\t\n                        <div class=\"wppb-row\">\n\t\t\t\t\t\t\t                                    <div  class=\"wppb-column-parent wppb-column-parent-view wppb-col-1742638197246  \"  >\n                                        <div class=\"wppb-column\">\n\t\t\t\t\t\n\t\t\t\t\t\t\t\t\t\t\t\n                                            <div class=\"wppb-builder-addons\">\n\t\t\t\t\t\t\t\t\t\t\t\t<div class='wppb-builder-addon wppb-addon-1742638197247 wppb-wow fadeIn'  data-wow-delay='112ms'  data-wow-duration='2233ms'  data-addon-id='1742638197247'><div class='wppb-addon'><div class=\"wppb-image-addon\"><figure class=\"wppb-image-addon-content-wrap\"><div class=\"wppb-image-addon-content wppb-imginlineblock\"><img decoding=\"async\" class=\"wppb-image-addon-img\" src=\"https:\/\/emdr-hypnose-praxis.de\/new\/wp-content\/uploads\/2024\/12\/cropped-logo_transparent.png\" alt=\"\"><\/div><\/figure><\/div><\/div><\/div>                                            <\/div>\n                                        <\/div>\n                                    <\/div>\n\t\t\t\t\t\t\t\t\t                        <\/div>\n\n                    <\/div>\n                <\/div>\n\t\t\t\t                <div  class=\"wppb-row-parent  wppb-row-1709565949128 \"  >\n\t\t\t\t\t\n\t\t\t\t\t\t\t\t\t\t\n\t\t\t\t\t\t\t\t\t\t\n\t\t\t\t\t<div class=\"wppb-container \">\n\t\t\t\t\t\t\t\t\t\t\t\t\t\n                        <div class=\"wppb-row\">\n\t\t\t\t\t\t\t                                    <div  class=\"wppb-column-parent wppb-column-parent-view wppb-col-1709565949129  \"  >\n                                        <div class=\"wppb-column\">\n\t\t\t\t\t\n\t\t\t\t\t\t\t\t\t\t\t\n                                            <div class=\"wppb-builder-addons\">\n\t\t\t\t\t\t\t\t\t\t\t\t<div class='wppb-builder-addon wppb-addon-1709565949130 wppb-wow fadeIn'  data-wow-delay='112ms'  data-wow-duration='2233ms'  data-addon-id='1709565949130'><div class='wppb-addon'><div class=\"wppb-headline-addon\"><div class=\"wppb-headline-content\"><h3 class=\"wppb-addon-title\">Nutze das kostenlose Impulsgespr\u00e4ch - Dein erster Schritt zur Ver\u00e4nderung<\/h3><\/div><\/div><\/div><\/div>                                            <\/div>\n                                        <\/div>\n                                    <\/div>\n\t\t\t\t\t\t\t\t\t                        <\/div>\n\n                    <\/div>\n                <\/div>\n\t\t\t\t                <div  class=\"wppb-row-parent  wppb-row-1709565949131 \"  >\n\t\t\t\t\t\n\t\t\t\t\t\t\t\t\t\t\n\t\t\t\t\t\t\t\t\t\t\n\t\t\t\t\t<div class=\"wppb-container \">\n\t\t\t\t\t\t\t\t\t\t\t\t\t\n                        <div class=\"wppb-row\">\n\t\t\t\t\t\t\t                                    <div  class=\"wppb-column-parent wppb-column-parent-view wppb-col-1709565949132  \"  >\n                                        <div class=\"wppb-column\">\n\t\t\t\t\t\n\t\t\t\t\t\t\t\t\t\t\t\n                                            <div class=\"wppb-builder-addons\">\n\t\t\t\t\t\t\t\t\t\t\t\t<div class='wppb-builder-addon wppb-addon-1709565949133 wppb-wow fadeIn'  data-wow-delay='112ms'  data-wow-duration='2233ms'  data-addon-id='1709565949133'><div class='wppb-addon'><div class=\"wppb-text-block-addon\"><div class=\"wppb-text-block-content 0\"><p>Bei Interesse lade ich dich herzlich zu einem <strong>kostenlosen und unverbindlichen<\/strong> Impulsgespr\u00e4ch von etwa 45 Minuten ein. Dieses Gespr\u00e4ch bietet dir die M\u00f6glichkeit, tiefgehende Einblicke zu gewinnen, emotionale Impulse zu erleben und beeindruckende Erkenntnisse zu sammeln. Gemeinsam werden wir deinen pers\u00f6nlichen L\u00f6sungsweg er\u00f6rtern, um nachhaltige L\u00f6sungen f\u00fcr deine individuellen Themen zu finden. Damit er\u00f6ffnet sich die Perspektive, dein Leben in emotionaler Freiheit, Freude, Leichtigkeit und Liebe zu gestalten. F\u00fchl dich herzlich eingeladen, dar\u00fcber ins Gespr\u00e4ch zu kommen.<\/p><\/div><\/div><\/div><\/div>                                            <\/div>\n                                        <\/div>\n                                    <\/div>\n\t\t\t\t\t\t\t\t\t                        <\/div>\n\n                    <\/div>\n                <\/div>\n\t\t\t\t                <div  class=\"wppb-row-parent  wppb-row-1731157673091 \"  >\n\t\t\t\t\t\n\t\t\t\t\t\t\t\t\t\t\n\t\t\t\t\t\t\t\t\t\t\n\t\t\t\t\t<div class=\"wppb-container \">\n\t\t\t\t\t\t\t\t\t\t\t\t\t\n                        <div class=\"wppb-row\">\n\t\t\t\t\t\t\t                                    <div  class=\"wppb-column-parent wppb-column-parent-view wppb-col-1731157673092  wppb-wow fadeIn\"  data-wow-delay='112ms'  data-wow-duration='2233ms'  >\n                                        <div class=\"wppb-column\">\n\t\t\t\t\t\n\t\t\t\t\t\t\t\t\t\t\t\n                                            <div class=\"wppb-builder-addons\">\n\t\t\t\t\t\t\t\t\t\t\t\t<div class='wppb-builder-addon wppb-addon-1731157673093 wppb-wow fadeIn'  data-wow-delay='112ms'  data-wow-duration='2233ms'  data-addon-id='1731157673093'><div class='wppb-addon'><div class=\"wppb-headline-addon\"><div class=\"wppb-headline-content\"><h3 class=\"wppb-addon-title\">Buche dir jetzt deine magische Reise!<\/h3><\/div><\/div><\/div><\/div>                                            <\/div>\n                                        <\/div>\n                                    <\/div>\n\t\t\t\t\t\t\t\t\t                        <\/div>\n\n                    <\/div>\n                <\/div>\n\t\t\t\t                <div  class=\"wppb-row-parent  wppb-row-1731157172186 \"  >\n\t\t\t\t\t\n\t\t\t\t\t\t\t\t\t\t\n\t\t\t\t\t\t\t\t\t\t\n\t\t\t\t\t<div class=\"wppb-container \">\n\t\t\t\t\t\t\t\t\t\t\t\t\t\n                        <div class=\"wppb-row\">\n\t\t\t\t\t\t\t                                    <div  class=\"wppb-column-parent wppb-column-parent-view wppb-col-1731157172187  \"  >\n                                        <div class=\"wppb-column\">\n\t\t\t\t\t\n\t\t\t\t\t\t\t\t\t\t\t\n                                            <div class=\"wppb-builder-addons\">\n\t\t\t\t\t\t\t\t\t\t\t\t<div class='wppb-builder-addon wppb-addon-1731157172188 wppb-wow fadeIn'  data-wow-delay='112ms'  data-wow-duration='2233ms'  data-addon-id='1731157172188'><div class='wppb-addon'><div class=\"wppb-text-block-addon\"><div class=\"wppb-text-block-content 0\"><p>Ruf an: <a href=\"tel:+493033852514\"><strong>+49 (30) 33852514 | <\/strong><\/a>Schreibe an: <strong><a href=\"mailto:kontakt@sylviaporstein.de\">kontakt@sylviaporstein.de<\/a><\/strong><\/p><\/div><\/div><\/div><\/div>                                            <\/div>\n                                        <\/div>\n                                    <\/div>\n\t\t\t\t\t\t\t\t\t                        <\/div>\n\n                    <\/div>\n                <\/div>\n\t\t\t\t                <div  class=\"wppb-row-parent  wppb-row-1732784134377 \"  >\n\t\t\t\t\t\n\t\t\t\t\t\t\t\t\t\t\n\t\t\t\t\t\t\t\t\t\t\n\t\t\t\t\t<div class=\"wppb-container \">\n\t\t\t\t\t\t\t\t\t\t\t\t\t\n                        <div class=\"wppb-row\">\n\t\t\t\t\t\t\t                                    <div  class=\"wppb-column-parent wppb-column-parent-view wppb-col-1732784134378  wppb-wow fadeIn\"  data-wow-delay='112ms'  data-wow-duration='2233ms'  >\n                                        <div class=\"wppb-column\">\n\t\t\t\t\t\n\t\t\t\t\t\t\t\t\t\t\t\n                                            <div class=\"wppb-builder-addons\">\n\t\t\t\t\t\t\t\t\t\t\t\t<div class='wppb-builder-addon wppb-addon-1732784134379 wppb-wow fadeIn'  data-wow-delay='112ms'  data-wow-duration='2233ms'  data-addon-id='1732784134379'><div class='wppb-addon'><div class=\"wppb-headline-addon\"><div class=\"wppb-headline-content\"><h3 class=\"wppb-addon-title\">Herzensstimmen<\/h3><\/div><\/div><\/div><\/div>                                            <\/div>\n                                        <\/div>\n                                    <\/div>\n\t\t\t\t\t\t\t\t\t                        <\/div>\n\n                    <\/div>\n                <\/div>\n\t\t\t\t                <div  class=\"wppb-row-parent  wppb-row-1732784134357 \"  >\n\t\t\t\t\t\n\t\t\t\t\t\t\t\t\t\t\n\t\t\t\t\t\t\t\t\t\t\n\t\t\t\t\t<div class=\"wppb-container \">\n\t\t\t\t\t\t\t\t\t\t\t\t\t\n                        <div class=\"wppb-row\">\n\t\t\t\t\t\t\t                                    <div  class=\"wppb-column-parent wppb-column-parent-view wppb-col-1732784134358  \"  >\n                                        <div class=\"wppb-column\">\n\t\t\t\t\t\n\t\t\t\t\t\t\t\t\t\t\t\n                                            <div class=\"wppb-builder-addons\">\n\t\t\t\t\t\t\t\t\t\t\t\t<div class='wppb-builder-addon wppb-addon-1732784134359 wppb-wow fadeIn'  data-wow-delay='112ms'  data-wow-duration='2233ms'  data-addon-id='1732784134359'><div class='wppb-addon'><div class=\"wppb-feature-box-addon\"><div class=\"wppb-feature-box-content\"><div class=\"wppb-feature-box-icon\"><i class=\"wppb-font-quotation-left\"><\/i><\/div><h4 class=\"wppb-feature-box-title\">Julia<\/h4><div class=\"wppb-feature-box-intro\">Ich habe bei Sylvia die Phoenix Magie Behandlung f\u00fcr mich gew\u00e4hlt und mich f\u00fcr die 6 Monate Variante entschieden. Sylvia hat mir vorab alles im Detail erkl\u00e4rt, wie es Ablaufen wird, welche Themen behandelt werden, sie schaut sich genau den Menschen an und wo seine pers\u00f6nliche Problematik liegt und bespricht alles im Detail. Durch die Phoenix Magie, hat sich sehr vieles in mir ver\u00e4ndert und somit auch in meinem Leben und dadurch trete ich ganz anders im Leben auf. Es war die beste Entscheidung,die ich f\u00fcr mich treffen konnte. Alles was mich bischer im Inneren gehindert hatte, ist durch die Phoenix Magie aufgel\u00f6st.Die Phoenix Magie hat mir geholfen Blockaden aufzul\u00f6sen, tiefsitzende Muster zu erkennen und zu transformieren. Sie unterst\u00fctzt dabei, innere Balance wiederherzustellen und pers\u00f6nliche Potenziale zu entfalten. Danke Sylvia, f\u00fcr deine liebevolle und einf\u00fchlsame Unterst\u00fctzung durch die ganze so wertvolle Behandlung.<\/div><\/div><\/div><\/div><\/div><div class='wppb-builder-addon wppb-addon-1732784134360'  data-addon-id='1732784134360'><div class='wppb-addon'><div class=\"wppb-image-addon\"><figure class=\"wppb-image-addon-content-wrap\"><div class=\"wppb-image-addon-content wppb-imginlineblock\"><img decoding=\"async\" class=\"wppb-image-addon-img\" src=\"\" alt=\"\"><\/div><\/figure><\/div><\/div><\/div>                                            <\/div>\n                                        <\/div>\n                                    <\/div>\n\t\t\t\t\t\t\t\t\t                        <\/div>\n\n                    <\/div>\n                <\/div>\n\t\t\t\t                <div  class=\"wppb-row-parent  wppb-row-1734086658366 \"  >\n\t\t\t\t\t\n\t\t\t\t\t\t\t\t\t\t\n\t\t\t\t\t\t\t\t\t\t\n\t\t\t\t\t<div class=\"wppb-container \">\n\t\t\t\t\t\t\t\t\t\t\t\t\t\n                        <div class=\"wppb-row\">\n\t\t\t\t\t\t\t                                    <div  class=\"wppb-column-parent wppb-column-parent-view wppb-col-1734086658367  \"  >\n                                        <div class=\"wppb-column\">\n\t\t\t\t\t\n\t\t\t\t\t\t\t\t\t\t\t\n                                            <div class=\"wppb-builder-addons\">\n\t\t\t\t\t\t\t\t\t\t\t\t<div class='wppb-builder-addon wppb-addon-1734086658368 wppb-wow fadeIn'  data-wow-delay='112ms'  data-wow-duration='2233ms'  data-addon-id='1734086658368'><div class='wppb-addon'><div class=\"wppb-feature-box-addon\"><div class=\"wppb-feature-box-content\"><div class=\"wppb-feature-box-icon\"><i class=\"wppb-font-quotation-left\"><\/i><\/div><h4 class=\"wppb-feature-box-title\">Jennifer<\/h4><div class=\"wppb-feature-box-intro\">F\u00fcr die Teilnahme an der Phoenix Magie Therapie, die mit Frequenzen arbeitet vergebe ich f\u00fcnf Sterne. Nachhaltig, transformierend. Das Programm Phoenix Magie hat aus mir einen viel bewussteren, klareren Menschen gemacht.<\/div><\/div><\/div><\/div><\/div><div class='wppb-builder-addon wppb-addon-1734086658369'  data-addon-id='1734086658369'><div class='wppb-addon'><div class=\"wppb-image-addon\"><figure class=\"wppb-image-addon-content-wrap\"><div class=\"wppb-image-addon-content wppb-imginlineblock\"><img decoding=\"async\" class=\"wppb-image-addon-img\" src=\"\" alt=\"\"><\/div><\/figure><\/div><\/div><\/div>                                            <\/div>\n                                        <\/div>\n                                    <\/div>\n\t\t\t\t\t\t\t\t\t                        <\/div>\n\n                    <\/div>\n                <\/div>\n\t\t\t\t<\/div>","protected":false},"excerpt":{"rendered":"<p>Befreie dich von Selbstzweifeln \u2013 erlebe Selbstliebe, innere Freiheit und magische Ver\u00e4nderungen! Inspiriert vom legend\u00e4ren Aufstieg des Ph\u00f6nix aus der Asche ist die Phoenix-Magie eine Reise zu dir selbst, eine Reise der Erneuerung und des pers\u00f6nlichen Wachstums voller zauberhafter Momente.Erlebe mit der Phoenix Magie nicht nur ein Programm, sondern eine Reise zu deinem inneren Selbst, &hellip; <\/p>\n","protected":false},"author":2,"featured_media":0,"parent":0,"menu_order":0,"comment_status":"closed","ping_status":"closed","template":"","meta":{"footnotes":""},"class_list":["post-491","page","type-page","status-publish","hentry"],"_links":{"self":[{"href":"https:\/\/emdr-hypnose-praxis.de\/new\/wp-json\/wp\/v2\/pages\/491","targetHints":{"allow":["GET"]}}],"collection":[{"href":"https:\/\/emdr-hypnose-praxis.de\/new\/wp-json\/wp\/v2\/pages"}],"about":[{"href":"https:\/\/emdr-hypnose-praxis.de\/new\/wp-json\/wp\/v2\/types\/page"}],"author":[{"embeddable":true,"href":"https:\/\/emdr-hypnose-praxis.de\/new\/wp-json\/wp\/v2\/users\/2"}],"replies":[{"embeddable":true,"href":"https:\/\/emdr-hypnose-praxis.de\/new\/wp-json\/wp\/v2\/comments?post=491"}],"version-history":[{"count":2,"href":"https:\/\/emdr-hypnose-praxis.de\/new\/wp-json\/wp\/v2\/pages\/491\/revisions"}],"predecessor-version":[{"id":493,"href":"https:\/\/emdr-hypnose-praxis.de\/new\/wp-json\/wp\/v2\/pages\/491\/revisions\/493"}],"wp:attachment":[{"href":"https:\/\/emdr-hypnose-praxis.de\/new\/wp-json\/wp\/v2\/media?parent=491"}],"curies":[{"name":"wp","href":"https:\/\/api.w.org\/{rel}","templated":true}]}}