{"id":549,"date":"2025-01-04T07:31:14","date_gmt":"2025-01-04T06:31:14","guid":{"rendered":"https:\/\/emdr-hypnose-praxis.de\/new\/?page_id=549"},"modified":"2025-01-04T07:31:15","modified_gmt":"2025-01-04T06:31:15","slug":"buecher","status":"publish","type":"page","link":"https:\/\/emdr-hypnose-praxis.de\/new\/buecher\/","title":{"rendered":"B\u00fccher"},"content":{"rendered":"<div id=\"wppb-builder-container\" class=\"wppb-builder-container\">                <div  class=\"wppb-row-parent  wppb-row-1742638722374 \"  >\n\t\t\t\t\t\n\t\t\t\t\t\t\t\t\t\t\n\t\t\t\t\t\t\t\t\t\t\n\t\t\t\t\t<div class=\"wppb-container \">\n\t\t\t\t\t\t\t\t\t\t\t\t\t\n                        <div class=\"wppb-row\">\n\t\t\t\t\t\t\t                                    <div  class=\"wppb-column-parent wppb-column-parent-view wppb-col-1742638722375  \"  >\n                                        <div class=\"wppb-column\">\n\t\t\t\t\t\n\t\t\t\t\t\t\t\t\t\t\t\n                                            <div class=\"wppb-builder-addons\">\n\t\t\t\t\t\t\t\t\t\t\t\t<div class='wppb-builder-addon wppb-addon-1742638722376 wppb-wow fadeIn'  data-wow-delay='112ms'  data-wow-duration='2233ms'  data-addon-id='1742638722376'><div class='wppb-addon'><div class=\"wppb-image-addon\"><figure class=\"wppb-image-addon-content-wrap\"><div class=\"wppb-image-addon-content wppb-imginlineblock\"><img decoding=\"async\" class=\"wppb-image-addon-img\" src=\"https:\/\/emdr-hypnose-praxis.de\/new\/wp-content\/uploads\/2024\/12\/cropped-logo_transparent.png\" alt=\"\"><\/div><\/figure><\/div><\/div><\/div>                                            <\/div>\n                                        <\/div>\n                                    <\/div>\n\t\t\t\t\t\t\t\t\t                        <\/div>\n\n                    <\/div>\n                <\/div>\n\t\t\t\t                <div  class=\"wppb-row-parent  wppb-row-1730784190944 \"  >\n\t\t\t\t\t\n\t\t\t\t\t\t\t\t\t\t\n\t\t\t\t\t\t\t\t\t\t\n\t\t\t\t\t<div class=\"wppb-container \">\n\t\t\t\t\t\t\t\t\t\t\t\t\t\n                        <div class=\"wppb-row\">\n\t\t\t\t\t\t\t                                    <div  class=\"wppb-column-parent wppb-column-parent-view wppb-col-1730784190943  \"  >\n                                        <div class=\"wppb-column\">\n\t\t\t\t\t\n\t\t\t\t\t\t\t\t\t\t\t\n                                            <div class=\"wppb-builder-addons\">\n\t\t\t\t\t\t\t\t\t\t\t\t<div class='wppb-builder-addon wppb-addon-1730786536193 wppb-wow fadeIn'  data-wow-delay='112ms'  data-wow-duration='2233ms'  data-addon-id='1730786536193'><div class='wppb-addon'><div class=\"wppb-text-block-addon\"><div class=\"wppb-text-block-content 0\"><p>Entdecke meine B\u00fccher als inspirierende Begleiter f\u00fcr dich \u2013 geschrieben, um dir in herausfordernden Zeiten zur Seite zu stehen und dich auf deinem Weg zu mehr Freude, innerer St\u00e4rke und Selbstentfaltung zu unterst\u00fctzen. Hier findest du Inspiration, praktische Impulse und verl\u00e4ssliche Unterst\u00fctzung f\u00fcr deinen pers\u00f6nlichen Weg!<\/p><\/div><\/div><\/div><\/div>                                            <\/div>\n                                        <\/div>\n                                    <\/div>\n\t\t\t\t\t\t\t\t\t                        <\/div>\n\n                    <\/div>\n                <\/div>\n\t\t\t\t                <div  class=\"wppb-row-parent  wppb-row-1730784190311 \"  >\n\t\t\t\t\t\n\t\t\t\t\t\t\t\t\t\t\n\t\t\t\t\t\t\t\t\t\t\n\t\t\t\t\t<div class=\"wppb-container \">\n\t\t\t\t\t\t\t\t\t\t\t\t\t\n                        <div class=\"wppb-row\">\n\t\t\t\t\t\t\t                                    <div  class=\"wppb-column-parent wppb-column-parent-view wppb-col-1730784190309  \"  >\n                                        <div class=\"wppb-column\">\n\t\t\t\t\t\n\t\t\t\t\t\t\t\t\t\t\t\n                                            <div class=\"wppb-builder-addons\">\n\t\t\t\t\t\t\t\t\t\t\t\t<div class='wppb-builder-addon wppb-addon-1730784887369 wppb-wow fadeIn'  data-wow-delay='112ms'  data-wow-duration='2233ms'  data-addon-id='1730784887369'><div class='wppb-addon'><div class=\"wppb-image-addon\"><figure class=\"wppb-image-addon-content-wrap\"><div class=\"wppb-image-addon-content wppb-imginlineblock\"><a rel=nofolow href=\"https:\/\/www.amazon.de\/dp\/B0DLSDTTXZ\/ref=sr_1_1?__mk_de_DE=\u00c5M\u00c5\u017d\u00d5\u00d1&#038;crid=1EOWKK6QDPOOZ&#038;dib=eyJ2IjoiMSJ9.B7Xh5HgJXzeDZxl4oJHvvVssZTkqIkBpHoz194_TVBrq3SojUz21Z-QO1utErGtXvBsbkWpZErkd52Q3MCgpspDoQPTFTufW7rEVc5926arQn1FmcvIrwyhqM8xmNZlAc3KTnWAQqPlLr6a_pClkLTcDWUdHzv6LSwJeAeALUnCrrBf-RSvWZcWpzj4PEBPU4GuKuPH2iOg2DB9mPveNbVIK-PbrdisXYNu75J0VNcg.hxbI08R6kzFPe-4FMWFwERaRfUjARxNgwy9-aw7kbD0&#038;dib_tag=se&#038;keywords=sylvia+porstein&#038;qid=1730611708&#038;sprefix=sylvia+porstein%2Caps%2C179&#038;sr=8-1\" target=_blank><img decoding=\"async\" class=\"wppb-image-addon-img\" src=\"https:\/\/emdr-hypnose-praxis.de\/new\/wp-content\/uploads\/2024\/11\/Buch-Herzweh-ade-Cover-199x300.png\" alt=\"Image\"><\/a><\/div><figcaption class=\"wppb-addon-image-caption\">Klick mich an<\/figcaption><\/figure><\/div><\/div><\/div>                                            <\/div>\n                                        <\/div>\n                                    <\/div>\n\t\t\t\t\t\t\t\t\t                                    <div  class=\"wppb-column-parent wppb-column-parent-view wppb-col-1730784190310  \"  >\n                                        <div class=\"wppb-column\">\n\t\t\t\t\t\n\t\t\t\t\t\t\t\t\t\t\t\n                                            <div class=\"wppb-builder-addons\">\n\t\t\t\t\t\t\t\t\t\t\t\t<div class='wppb-builder-addon wppb-addon-1730784961184 wppb-wow fadeIn'  data-wow-delay='112ms'  data-wow-duration='2233ms'  data-addon-id='1730784961184'><div class='wppb-addon'><div class=\"wppb-text-block-addon\"><div class=\"wppb-text-block-content 0\"><div class=\"flex max-w-full flex-col flex-grow\"><div class=\"min-h-8 text-message flex w-full flex-col items-end gap-2 whitespace-normal break-words [.text-message+&amp;]:mt-5\" dir=\"auto\" data-message-author-role=\"assistant\" data-message-id=\"4c7743dc-a554-4059-af84-9fd673448050\" data-message-model-slug=\"gpt-4o\"><div class=\"flex w-full flex-col gap-1 empty:hidden first:pt-[3px]\"><div class=\"markdown prose w-full break-words dark:prose-invert dark\"><p><span style=\"color: #aa7235\"><strong>Herzweh ad\u00e9 - zur\u00fcck zu dir selbst!<\/strong><\/span><\/p><p>Finde zur\u00fcck zu innerer St\u00e4rke und Selbstliebe \u2013 nach einer Trennung oder einem gebrochenen Herzen. Dieses Buch ist f\u00fcr alle, die endlich loslassen und neuen Lebensmut finden m\u00f6chten. Es f\u00fchrt dich einf\u00fchlsam durch die Phasen des Herzschmerzes, zeigt Wege aus der Traurigkeit und bietet praktische Impulse f\u00fcr deinen Neustart. Entdecke, wie du deine Lebensfreude wiederfindest und alten Ballast abwirfst, um einen Neuanfang zu wagen. <em>Herzweh ad\u00e9<\/em> \u2013 dein Begleiter f\u00fcr Heilung, Selbstreflexion und echte Selbstfindung.<\/p><\/div><\/div><\/div><\/div><\/div><\/div><\/div><\/div>                                            <\/div>\n                                        <\/div>\n                                    <\/div>\n\t\t\t\t\t\t\t\t\t                        <\/div>\n\n                    <\/div>\n                <\/div>\n\t\t\t\t                <div  class=\"wppb-row-parent  wppb-row-1730784190358 \"  >\n\t\t\t\t\t\n\t\t\t\t\t\t\t\t\t\t\n\t\t\t\t\t\t\t\t\t\t\n\t\t\t\t\t<div class=\"wppb-container \">\n\t\t\t\t\t\t\t\t\t\t\t\t\t\n                        <div class=\"wppb-row\">\n\t\t\t\t\t\t\t                                    <div  class=\"wppb-column-parent wppb-column-parent-view wppb-col-1730784190359  \"  >\n                                        <div class=\"wppb-column\">\n\t\t\t\t\t\n\t\t\t\t\t\t\t\t\t\t\t\n                                            <div class=\"wppb-builder-addons\">\n\t\t\t\t\t\t\t\t\t\t\t\t<div class='wppb-builder-addon wppb-addon-1730784190360 wppb-wow fadeIn'  data-wow-delay='112ms'  data-wow-duration='2233ms'  data-addon-id='1730784190360'><div class='wppb-addon'><div class=\"wppb-image-addon\"><figure class=\"wppb-image-addon-content-wrap\"><div class=\"wppb-image-addon-content wppb-imginlineblock\"><a rel=nofolow href=\"https:\/\/www.amazon.de\/schaffst-Selbstcoaching-Praxisbuch-Frauen-Probleml\u00f6sung-Selbstvertrauen\/dp\/B0D8746CRZ\/ref=sr_1_2?__mk_de_DE=\u00c5M\u00c5\u017d\u00d5\u00d1&#038;crid=3TBPN6S8L8J2G&#038;dib=eyJ2IjoiMSJ9.QcDj4qkMlXAJ4LdY40OapEHNNlN7qwDHrC5CXivfE8w9YJZmhCSmnB5qicKUZKv3Ss6Vax-Q2_WBU_nLkzdTFRF336GJuzkSyOeJjr85g6cEG7BHUTZW-8G5GmF8REwJJJuBH8CQasxyllAkN7A5DGSToWOLiseGHI_DoEMixU1Lr34D3TuAF97CiJNpxxsifssdH8ev86ehXZJMAAk_B8VvLRLiSulI4SmiTU4zxAc.-nN7dQgDS1mlcdd2O1FhXaq8_vnxH0151WyXSEP5UGQ&#038;dib_tag=se&#038;keywords=sylvia+porstein&#038;qid=1730785789&#038;sprefix=sylvia+porstein%2Caps%2C193&#038;sr=8-2\" target=_blank><img decoding=\"async\" class=\"wppb-image-addon-img\" src=\"https:\/\/emdr-hypnose-praxis.de\/new\/wp-content\/uploads\/2024\/11\/Buch-Du-schaffst-das-Frau-Cover-198x300.png\" alt=\"Image\"><\/a><\/div><figcaption class=\"wppb-addon-image-caption\">Klick mich an<\/figcaption><\/figure><\/div><\/div><\/div>                                            <\/div>\n                                        <\/div>\n                                    <\/div>\n\t\t\t\t\t\t\t\t\t                                    <div  class=\"wppb-column-parent wppb-column-parent-view wppb-col-1730784190361  \"  >\n                                        <div class=\"wppb-column\">\n\t\t\t\t\t\n\t\t\t\t\t\t\t\t\t\t\t\n                                            <div class=\"wppb-builder-addons\">\n\t\t\t\t\t\t\t\t\t\t\t\t<div class='wppb-builder-addon wppb-addon-1730784190362 wppb-wow fadeIn'  data-wow-delay='112ms'  data-wow-duration='2233ms'  data-addon-id='1730784190362'><div class='wppb-addon'><div class=\"wppb-text-block-addon\"><div class=\"wppb-text-block-content 0\"><div class=\"flex max-w-full flex-col flex-grow\"><div class=\"min-h-8 text-message flex w-full flex-col items-end gap-2 whitespace-normal break-words [.text-message+&amp;]:mt-5\" dir=\"auto\" data-message-author-role=\"assistant\" data-message-id=\"4c7743dc-a554-4059-af84-9fd673448050\" data-message-model-slug=\"gpt-4o\"><div class=\"flex w-full flex-col gap-1 empty:hidden first:pt-[3px]\"><div class=\"markdown prose w-full break-words dark:prose-invert dark\"><p><span style=\"color: #aa7235\"><strong>Du schaffst das! \u2013 Das Selbstcoaching-Praxisbuch f\u00fcr die Frau<\/strong><\/span><\/p><p>Entdecke deine innere St\u00e4rke und gestalte dein Leben aktiv nach deinen W\u00fcnschen. Dieses praxisorientierte Arbeitsbuch begleitet dich auf dem Weg zu pers\u00f6nlichem Wachstum, klarer Zielsetzung und effektiver Probleml\u00f6sung. Mit gezielten \u00dcbungen f\u00f6rderst du dein Selbstvertrauen und entwickelst Achtsamkeit f\u00fcr dich selbst. Lerne, Herausforderungen eigenst\u00e4ndig zu meistern und deine Potenziale voll auszusch\u00f6pfen. Ein unverzichtbarer Begleiter f\u00fcr Frauen, die ihre Selbstbestimmung st\u00e4rken und ein erf\u00fclltes Leben f\u00fchren m\u00f6chten.<\/p><\/div><p>Inhaltlich identisch zur M\u00e4nner-Ausgabe, unterscheidet sich dieses Buch lediglich im Design, speziell f\u00fcr Frauen gestaltet.<\/p><\/div><\/div><\/div><\/div><\/div><\/div><\/div>                                            <\/div>\n                                        <\/div>\n                                    <\/div>\n\t\t\t\t\t\t\t\t\t                        <\/div>\n\n                    <\/div>\n                <\/div>\n\t\t\t\t                <div  class=\"wppb-row-parent  wppb-row-1730784190371 \"  >\n\t\t\t\t\t\n\t\t\t\t\t\t\t\t\t\t\n\t\t\t\t\t\t\t\t\t\t\n\t\t\t\t\t<div class=\"wppb-container \">\n\t\t\t\t\t\t\t\t\t\t\t\t\t\n                        <div class=\"wppb-row\">\n\t\t\t\t\t\t\t                                    <div  class=\"wppb-column-parent wppb-column-parent-view wppb-col-1730784190372  \"  >\n                                        <div class=\"wppb-column\">\n\t\t\t\t\t\n\t\t\t\t\t\t\t\t\t\t\t\n                                            <div class=\"wppb-builder-addons\">\n\t\t\t\t\t\t\t\t\t\t\t\t<div class='wppb-builder-addon wppb-addon-1730784190373 wppb-wow fadeIn'  data-wow-delay='112ms'  data-wow-duration='2233ms'  data-addon-id='1730784190373'><div class='wppb-addon'><div class=\"wppb-image-addon\"><figure class=\"wppb-image-addon-content-wrap\"><div class=\"wppb-image-addon-content wppb-imginlineblock\"><a rel=nofolow href=\"https:\/\/www.amazon.de\/schaffst-Selbstcoaching-Praxisbuch-M\u00e4nner-Probleml\u00f6sung-Selbstvertrauen\/dp\/B0D7W2618W\/ref=sr_1_3?__mk_de_DE=\u00c5M\u00c5\u017d\u00d5\u00d1&#038;crid=3TBPN6S8L8J2G&#038;dib=eyJ2IjoiMSJ9.QcDj4qkMlXAJ4LdY40OapEHNNlN7qwDHrC5CXivfE8w9YJZmhCSmnB5qicKUZKv3Ss6Vax-Q2_WBU_nLkzdTFRF336GJuzkSyOeJjr85g6cEG7BHUTZW-8G5GmF8REwJJJuBH8CQasxyllAkN7A5DGSToWOLiseGHI_DoEMixU1Lr34D3TuAF97CiJNpxxsifssdH8ev86ehXZJMAAk_B8VvLRLiSulI4SmiTU4zxAc.-nN7dQgDS1mlcdd2O1FhXaq8_vnxH0151WyXSEP5UGQ&#038;dib_tag=se&#038;keywords=sylvia+porstein&#038;qid=1730785789&#038;sprefix=sylvia+porstein%2Caps%2C193&#038;sr=8-3\" target=_blank><img decoding=\"async\" class=\"wppb-image-addon-img\" src=\"https:\/\/emdr-hypnose-praxis.de\/new\/wp-content\/uploads\/2024\/11\/Buch-Du-schaffst-das-Mann-Cover-197x300.png\" alt=\"Image\"><\/a><\/div><figcaption class=\"wppb-addon-image-caption\">Klick mich an<\/figcaption><\/figure><\/div><\/div><\/div>                                            <\/div>\n                                        <\/div>\n                                    <\/div>\n\t\t\t\t\t\t\t\t\t                                    <div  class=\"wppb-column-parent wppb-column-parent-view wppb-col-1730784190374  \"  >\n                                        <div class=\"wppb-column\">\n\t\t\t\t\t\n\t\t\t\t\t\t\t\t\t\t\t\n                                            <div class=\"wppb-builder-addons\">\n\t\t\t\t\t\t\t\t\t\t\t\t<div class='wppb-builder-addon wppb-addon-1730784190375 wppb-wow fadeIn'  data-wow-delay='112ms'  data-wow-duration='2233ms'  data-addon-id='1730784190375'><div class='wppb-addon'><div class=\"wppb-text-block-addon\"><div class=\"wppb-text-block-content 0\"><div class=\"flex max-w-full flex-col flex-grow\"><div class=\"min-h-8 text-message flex w-full flex-col items-end gap-2 whitespace-normal break-words [.text-message+&amp;]:mt-5\" dir=\"auto\" data-message-author-role=\"assistant\" data-message-id=\"4c7743dc-a554-4059-af84-9fd673448050\" data-message-model-slug=\"gpt-4o\"><div class=\"flex w-full flex-col gap-1 empty:hidden first:pt-[3px]\"><div class=\"markdown prose w-full break-words dark:prose-invert dark\"><div class=\"flex max-w-full flex-col flex-grow\"><div class=\"min-h-8 text-message flex w-full flex-col items-end gap-2 whitespace-normal break-words [.text-message+&amp;]:mt-5\" dir=\"auto\" data-message-author-role=\"assistant\" data-message-id=\"4c7743dc-a554-4059-af84-9fd673448050\" data-message-model-slug=\"gpt-4o\"><div class=\"flex w-full flex-col gap-1 empty:hidden first:pt-[3px]\"><div class=\"markdown prose w-full break-words dark:prose-invert dark\"><p><span style=\"color: #aa7235\"><strong>Du schaffst das! \u2013 Das Selbstcoaching-Praxisbuch f\u00fcr den Mann<\/strong><\/span><\/p><p>Finde deinen eigenen Weg zu St\u00e4rke und Klarheit \u2013 mit gezielten Methoden und praktischen \u00dcbungen, die dich in jeder Lebenslage unterst\u00fctzen. Dieses Buch ist ein inspirierender Begleiter f\u00fcr M\u00e4nner, die ihr Leben selbst in die Hand nehmen wollen. Lerne, Herausforderungen kraftvoll zu begegnen, deine Ziele zu erreichen und dabei authentisch du selbst zu bleiben. <em>Du schaffst das!<\/em> bietet dir Werkzeuge zur Selbstreflexion und zeigt, wie du dein Potenzial entfaltest, f\u00fcr ein Leben voller Zuversicht und Selbstbewusstsein.<\/p><\/div><p>Inhaltlich identisch zur Frauen-Ausgabe, unterscheidet sich dieses Buch lediglich im Design, speziell f\u00fcr M\u00e4nner gestaltet.<\/p><\/div><\/div><\/div><\/div><\/div><\/div><\/div><\/div><\/div><\/div><\/div>                                            <\/div>\n                                        <\/div>\n                                    <\/div>\n\t\t\t\t\t\t\t\t\t                        <\/div>\n\n                    <\/div>\n                <\/div>\n\t\t\t\t                <div  class=\"wppb-row-parent  wppb-row-1730784190386 \"  >\n\t\t\t\t\t\n\t\t\t\t\t\t\t\t\t\t\n\t\t\t\t\t\t\t\t\t\t\n\t\t\t\t\t<div class=\"wppb-container \">\n\t\t\t\t\t\t\t\t\t\t\t\t\t\n                        <div class=\"wppb-row\">\n\t\t\t\t\t\t\t                                    <div  class=\"wppb-column-parent wppb-column-parent-view wppb-col-1730784190387  \"  >\n                                        <div class=\"wppb-column\">\n\t\t\t\t\t\n\t\t\t\t\t\t\t\t\t\t\t\n                                            <div class=\"wppb-builder-addons\">\n\t\t\t\t\t\t\t\t\t\t\t\t<div class='wppb-builder-addon wppb-addon-1730784190388 wppb-wow fadeIn'  data-wow-delay='112ms'  data-wow-duration='2233ms'  data-addon-id='1730784190388'><div class='wppb-addon'><div class=\"wppb-image-addon\"><figure class=\"wppb-image-addon-content-wrap\"><div class=\"wppb-image-addon-content wppb-imginlineblock\"><a rel=nofolow href=\"https:\/\/www.amazon.de\/Freude-Sekunden-Achtsamkeit-Dankbarkeit-Pers\u00f6nliches\/dp\/B0D6BJ5YS8\/ref=monarch_sidesheet_title\" target=_blank><img decoding=\"async\" class=\"wppb-image-addon-img\" src=\"https:\/\/emdr-hypnose-praxis.de\/new\/wp-content\/uploads\/2024\/11\/Buch-Freude-in-Sekunden-gelb-208x300.png\" alt=\"Image\"><\/a><\/div><figcaption class=\"wppb-addon-image-caption\">Klick mich an<\/figcaption><\/figure><\/div><\/div><\/div>                                            <\/div>\n                                        <\/div>\n                                    <\/div>\n\t\t\t\t\t\t\t\t\t                                    <div  class=\"wppb-column-parent wppb-column-parent-view wppb-col-1730784190389  \"  >\n                                        <div class=\"wppb-column\">\n\t\t\t\t\t\n\t\t\t\t\t\t\t\t\t\t\t\n                                            <div class=\"wppb-builder-addons\">\n\t\t\t\t\t\t\t\t\t\t\t\t<div class='wppb-builder-addon wppb-addon-1730784190390 wppb-wow fadeIn'  data-wow-delay='112ms'  data-wow-duration='2233ms'  data-addon-id='1730784190390'><div class='wppb-addon'><div class=\"wppb-text-block-addon\"><div class=\"wppb-text-block-content 0\"><div class=\"flex max-w-full flex-col flex-grow\"><div class=\"min-h-8 text-message flex w-full flex-col items-end gap-2 whitespace-normal break-words [.text-message+&amp;]:mt-5\" dir=\"auto\" data-message-author-role=\"assistant\" data-message-id=\"4c7743dc-a554-4059-af84-9fd673448050\" data-message-model-slug=\"gpt-4o\"><div class=\"flex w-full flex-col gap-1 empty:hidden first:pt-[3px]\"><div class=\"markdown prose w-full break-words dark:prose-invert dark\"><p><span style=\"color: #aa7235\"><strong>Freude in Sekunden - T\u00e4glich Momente des Gl\u00fccks<\/strong><\/span><\/p><p>Bring mehr Freude und Gelassenheit in dein Leben \u2013 schnell, einfach und nachhaltig! Mit kurzen, wirkungsvollen \u00dcbungen zeigt dir dieses Buch, wie du im Handumdrehen positive Momente schaffen, Stress abbauen und dein Wohlbefinden steigern kannst. Kleine Ver\u00e4nderungen mit gro\u00dfer Wirkung: Finde zu mehr Leichtigkeit, Energie und innerer Balance, die deinen Alltag bereichern.<\/p><p><em>Freude in Sekunden<\/em>, erh\u00e4ltlich in vier verschiedenen Coverfarben, ist dein pers\u00f6nlicher Begleiter f\u00fcr Lebensgl\u00fcck und Zufriedenheit, wo und wann immer du es brauchst.<\/p><\/div><\/div><\/div><\/div><\/div><\/div><\/div><\/div>                                            <\/div>\n                                        <\/div>\n                                    <\/div>\n\t\t\t\t\t\t\t\t\t                        <\/div>\n\n                    <\/div>\n                <\/div>\n\t\t\t\t                <div  class=\"wppb-row-parent  wppb-row-1730784190402 \"  >\n\t\t\t\t\t\n\t\t\t\t\t\t\t\t\t\t\n\t\t\t\t\t\t\t\t\t\t\n\t\t\t\t\t<div class=\"wppb-container \">\n\t\t\t\t\t\t\t\t\t\t\t\t\t\n                        <div class=\"wppb-row\">\n\t\t\t\t\t\t\t                                    <div  class=\"wppb-column-parent wppb-column-parent-view wppb-col-1730784190401  \"  >\n                                        <div class=\"wppb-column\">\n\t\t\t\t\t\n\t\t\t\t\t\t\t\t\t\t\t\n                                            <div class=\"wppb-builder-addons\">\n\t\t\t\t\t\t\t\t\t\t\t\t<div class='wppb-builder-addon wppb-addon-1730785065367 wppb-wow fadeIn'  data-wow-delay='112ms'  data-wow-duration='2233ms'  data-addon-id='1730785065367'><div class='wppb-addon'><div class=\"wppb-image-addon\"><figure class=\"wppb-image-addon-content-wrap\"><div class=\"wppb-image-addon-content wppb-imginlineblock\"><a rel=nofolow href=\"https:\/\/www.amazon.de\/Freude-Sekunden-Achtsamkeit-Dankbarkeit-Pers\u00f6nliches\/dp\/B0D5WNWSRM\/ref=monarch_sidesheet_title\" target=_blank><img decoding=\"async\" class=\"wppb-image-addon-img\" src=\"https:\/\/emdr-hypnose-praxis.de\/new\/wp-content\/uploads\/2024\/11\/Buch-Freude-in-Sekunden-300x90.png\" alt=\"Image\"><\/a><\/div><\/figure><\/div><\/div><\/div>                                            <\/div>\n                                        <\/div>\n                                    <\/div>\n\t\t\t\t\t\t\t\t\t                        <\/div>\n\n                    <\/div>\n                <\/div>\n\t\t\t\t                <div  class=\"wppb-row-parent  wppb-row-1731157375157 \"  >\n\t\t\t\t\t\n\t\t\t\t\t\t\t\t\t\t\n\t\t\t\t\t\t\t\t\t\t\n\t\t\t\t\t<div class=\"wppb-container \">\n\t\t\t\t\t\t\t\t\t\t\t\t\t\n                        <div class=\"wppb-row\">\n\t\t\t\t\t\t\t                                    <div  class=\"wppb-column-parent wppb-column-parent-view wppb-col-1731157375158  wppb-wow fadeIn\"  data-wow-delay='112ms'  data-wow-duration='2233ms'  >\n                                        <div class=\"wppb-column\">\n\t\t\t\t\t\n\t\t\t\t\t\t\t\t\t\t\t\n                                            <div class=\"wppb-builder-addons\">\n\t\t\t\t\t\t\t\t\t\t\t\t<div class='wppb-builder-addon wppb-addon-1731157375159'  data-addon-id='1731157375159'><div class='wppb-addon'><div class=\"wppb-headline-addon\"><div class=\"wppb-headline-content\"><h4 class=\"wppb-addon-title\">Hast du Fragen oder Anmerkungen?<\/h4><\/div><\/div><\/div><\/div>                                            <\/div>\n                                        <\/div>\n                                    <\/div>\n\t\t\t\t\t\t\t\t\t                        <\/div>\n\n                    <\/div>\n                <\/div>\n\t\t\t\t                <div  class=\"wppb-row-parent  wppb-row-1731157305884 \"  >\n\t\t\t\t\t\n\t\t\t\t\t\t\t\t\t\t\n\t\t\t\t\t\t\t\t\t\t\n\t\t\t\t\t<div class=\"wppb-container \">\n\t\t\t\t\t\t\t\t\t\t\t\t\t\n                        <div class=\"wppb-row\">\n\t\t\t\t\t\t\t                                    <div  class=\"wppb-column-parent wppb-column-parent-view wppb-col-1731157305885  \"  >\n                                        <div class=\"wppb-column\">\n\t\t\t\t\t\n\t\t\t\t\t\t\t\t\t\t\t\n                                            <div class=\"wppb-builder-addons\">\n\t\t\t\t\t\t\t\t\t\t\t\t<div class='wppb-builder-addon wppb-addon-1731157305886 wppb-wow fadeIn'  data-wow-delay='112ms'  data-wow-duration='2233ms'  data-addon-id='1731157305886'><div class='wppb-addon'><div class=\"wppb-text-block-addon\"><div class=\"wppb-text-block-content 0\"><p>Ruf an: <a href=\"tel:+493033852514\" data-wplink-edit=\"true\"><strong>+49 (30) 33852514 | <\/strong><\/a>Schreibe an: <strong><a href=\"mailto:kontakt@emdr-hypnose-praxis.de\">kontakt@emdr-hypnose-praxis.de<\/a><\/strong><\/p><\/div><\/div><\/div><\/div>                                            <\/div>\n                                        <\/div>\n                                    <\/div>\n\t\t\t\t\t\t\t\t\t                        <\/div>\n\n                    <\/div>\n                <\/div>\n\t\t\t\t<\/div>","protected":false},"excerpt":{"rendered":"<p>Entdecke meine B\u00fccher als inspirierende Begleiter f\u00fcr dich \u2013 geschrieben, um dir in herausfordernden Zeiten zur Seite zu stehen und dich auf deinem Weg zu mehr Freude, innerer St\u00e4rke und Selbstentfaltung zu unterst\u00fctzen. Hier findest du Inspiration, praktische Impulse und verl\u00e4ssliche Unterst\u00fctzung f\u00fcr deinen pers\u00f6nlichen Weg! Klick mich an Herzweh ad\u00e9 &#8211; zur\u00fcck zu dir &hellip; <\/p>\n","protected":false},"author":2,"featured_media":0,"parent":0,"menu_order":0,"comment_status":"closed","ping_status":"closed","template":"","meta":{"footnotes":""},"class_list":["post-549","page","type-page","status-publish","hentry"],"_links":{"self":[{"href":"https:\/\/emdr-hypnose-praxis.de\/new\/wp-json\/wp\/v2\/pages\/549","targetHints":{"allow":["GET"]}}],"collection":[{"href":"https:\/\/emdr-hypnose-praxis.de\/new\/wp-json\/wp\/v2\/pages"}],"about":[{"href":"https:\/\/emdr-hypnose-praxis.de\/new\/wp-json\/wp\/v2\/types\/page"}],"author":[{"embeddable":true,"href":"https:\/\/emdr-hypnose-praxis.de\/new\/wp-json\/wp\/v2\/users\/2"}],"replies":[{"embeddable":true,"href":"https:\/\/emdr-hypnose-praxis.de\/new\/wp-json\/wp\/v2\/comments?post=549"}],"version-history":[{"count":2,"href":"https:\/\/emdr-hypnose-praxis.de\/new\/wp-json\/wp\/v2\/pages\/549\/revisions"}],"predecessor-version":[{"id":551,"href":"https:\/\/emdr-hypnose-praxis.de\/new\/wp-json\/wp\/v2\/pages\/549\/revisions\/551"}],"wp:attachment":[{"href":"https:\/\/emdr-hypnose-praxis.de\/new\/wp-json\/wp\/v2\/media?parent=549"}],"curies":[{"name":"wp","href":"https:\/\/api.w.org\/{rel}","templated":true}]}}