{"id":572,"date":"2025-01-04T07:33:06","date_gmt":"2025-01-04T06:33:06","guid":{"rendered":"https:\/\/emdr-hypnose-praxis.de\/new\/?page_id=572"},"modified":"2025-01-04T07:33:07","modified_gmt":"2025-01-04T06:33:07","slug":"meine-ausbildungen","status":"publish","type":"page","link":"https:\/\/emdr-hypnose-praxis.de\/new\/meine-ausbildungen\/","title":{"rendered":"Meine Ausbildungen"},"content":{"rendered":"<div id=\"wppb-builder-container\" class=\"wppb-builder-container\">                <div  class=\"wppb-row-parent  wppb-row-1731239228142 \"  >\n\t\t\t\t\t\n\t\t\t\t\t\t\t\t\t\t\n\t\t\t\t\t\t\t\t\t\t\n\t\t\t\t\t<div class=\"wppb-container \">\n\t\t\t\t\t\t\t\t\t\t\t\t\t\n                        <div class=\"wppb-row\">\n\t\t\t\t\t\t\t                                    <div  class=\"wppb-column-parent wppb-column-parent-view wppb-col-1731239228140  \"  >\n                                        <div class=\"wppb-column\">\n\t\t\t\t\t\n\t\t\t\t\t\t\t\t\t\t\t\n                                            <div class=\"wppb-builder-addons\">\n\t\t\t\t\t\t\t\t\t\t\t\t<div class='wppb-builder-addon wppb-addon-1731239287774'  data-addon-id='1731239287774'><div class='wppb-addon'><div class=\"wppb-text-block-addon\"><div class=\"wppb-text-block-content 0\"><table style=\"height: 1123px\" border=\"0\" width=\"584\" cellspacing=\"0\" cellpadding=\"0\"><colgroup> <col width=\"497\" \/> <col width=\"87\" \/><\/colgroup><tbody><tr style=\"height: 27px\"><td style=\"width: 445.850006px;height: 27px\" height=\"27\">Reiki erster Grad - nach Usui<\/td><td class=\"xl63\" style=\"width: 133.362503px;height: 27px\" align=\"right\">Jan 2011<\/td><\/tr><tr style=\"height: 27px\"><td style=\"width: 445.850006px;height: 27px\" height=\"27\">Meridian Energie Technik I<\/td><td class=\"xl63\" style=\"width: 133.362503px;height: 27px\" align=\"right\">Feb 2012<\/td><\/tr><tr style=\"height: 27px\"><td style=\"width: 445.850006px;height: 27px\" height=\"27\">Metamorphose Seminar<\/td><td class=\"xl63\" style=\"width: 133.362503px;height: 27px\" align=\"right\">Nov 2012<\/td><\/tr><tr style=\"height: 27px\"><td style=\"width: 445.850006px;height: 27px\" height=\"27\">Reiki zweiter Grad - nach Usui<\/td><td class=\"xl63\" style=\"width: 133.362503px;height: 27px\" align=\"right\">Dez 2012<\/td><\/tr><tr style=\"height: 27px\"><td style=\"width: 445.850006px;height: 27px\" height=\"27\">Klangmassage-Seminar<\/td><td class=\"xl63\" style=\"width: 133.362503px;height: 27px\" align=\"right\">Feb 2013<\/td><\/tr><tr style=\"height: 27px\"><td style=\"width: 445.850006px;height: 27px\" height=\"27\">Meridian Energie Technik II<\/td><td class=\"xl63\" style=\"width: 133.362503px;height: 27px\" align=\"right\">M\u00e4r 2013<\/td><\/tr><tr style=\"height: 27px\"><td style=\"width: 445.850006px;height: 27px\" height=\"27\">Intutitive Kindesiologie I<\/td><td class=\"xl63\" style=\"width: 133.362503px;height: 27px\" align=\"right\">Jun 2013<\/td><\/tr><tr style=\"height: 27px\"><td style=\"width: 445.850006px;height: 27px\" height=\"27\">Kenntnisse in Aromatherapie - Selbststudium<\/td><td class=\"xl63\" style=\"width: 133.362503px;height: 27px\" align=\"right\">Jun 2013<\/td><\/tr><tr style=\"height: 27px\"><td style=\"width: 445.850006px;height: 27px\" height=\"27\">Heilpraktikerin f\u00fcr Psychotherapie<\/td><td class=\"xl63\" style=\"width: 133.362503px;height: 27px\" align=\"right\">Jun 2014<\/td><\/tr><tr style=\"height: 27px\"><td style=\"width: 445.850006px;height: 27px\" height=\"27\">Intutitive Kindesiologie II<\/td><td class=\"xl63\" style=\"width: 133.362503px;height: 27px\" align=\"right\">Sep 2014<\/td><\/tr><tr style=\"height: 27px\"><td style=\"width: 445.850006px;height: 27px\" height=\"27\">Aroma-Meridian-Klangmassage<\/td><td class=\"xl63\" style=\"width: 133.362503px;height: 27px\" align=\"right\">Okt 2014<\/td><\/tr><tr style=\"height: 27px\"><td style=\"width: 445.850006px;height: 27px\" height=\"27\">Integrative Psychotherapie - Basis-Ausbildung<\/td><td class=\"xl63\" style=\"width: 133.362503px;height: 27px\" align=\"right\">Nov 2014<\/td><\/tr><tr style=\"height: 27px\"><td style=\"width: 445.850006px;height: 27px\" height=\"27\">Hypnose Grundausbildung<\/td><td class=\"xl63\" style=\"width: 133.362503px;height: 27px\" align=\"right\">Apr 2015<\/td><\/tr><tr style=\"height: 27px\"><td style=\"width: 445.850006px;height: 27px\" height=\"27\">EMDR-Therapeutin<\/td><td class=\"xl63\" style=\"width: 133.362503px;height: 27px\" align=\"right\">Mai 2015<\/td><\/tr><tr style=\"height: 27px\"><td style=\"width: 445.850006px;height: 27px\" height=\"27\">Hypnoanalyse - Floris Weber<\/td><td class=\"xl63\" style=\"width: 133.362503px;height: 27px\" align=\"right\">Jun 2015<\/td><\/tr><tr style=\"height: 27px\"><td style=\"width: 445.850006px;height: 27px\" height=\"27\">Hypnotherapie im Bereich der Psychosomatik<\/td><td class=\"xl63\" style=\"width: 133.362503px;height: 27px\" align=\"right\">Sep 2015<\/td><\/tr><tr style=\"height: 27px\"><td style=\"width: 445.850006px;height: 27px\" height=\"27\">Medizinische Hypnose - TherMedius-Institut<\/td><td class=\"xl63\" style=\"width: 133.362503px;height: 27px\" align=\"right\">Nov 2015<\/td><\/tr><tr style=\"height: 27px\"><td style=\"width: 445.850006px;height: 27px\" height=\"27\">Simpson Protocol<\/td><td class=\"xl63\" style=\"width: 133.362503px;height: 27px\" align=\"right\">M\u00e4r 2016<\/td><\/tr><tr style=\"height: 27px\"><td style=\"width: 445.850006px;height: 27px\" height=\"27\">Simpson Protocol Advanced<\/td><td class=\"xl63\" style=\"width: 133.362503px;height: 27px\" align=\"right\">Apr 2016<\/td><\/tr><tr style=\"height: 27px\"><td style=\"width: 445.850006px;height: 27px\" height=\"27\">Simpson Protocol Advanced<\/td><td class=\"xl63\" style=\"width: 133.362503px;height: 27px\" align=\"right\">Jun 2016<\/td><\/tr><tr style=\"height: 27px\"><td style=\"width: 445.850006px;height: 27px\" height=\"27\">Simpson Protocol Foundational Birthing<\/td><td class=\"xl63\" style=\"width: 133.362503px;height: 27px\" align=\"right\">Jun 2016<\/td><\/tr><tr style=\"height: 27px\"><td style=\"width: 445.850006px;height: 27px\" height=\"27\">OMNI Hypnose Ausbildung<\/td><td class=\"xl63\" style=\"width: 133.362503px;height: 27px\" align=\"right\">Okt 2016<\/td><\/tr><tr style=\"height: 27px\"><td style=\"width: 445.850006px;height: 27px\" height=\"27\">Regressionstechniken in der Hypnotherapie<\/td><td class=\"xl63\" style=\"width: 133.362503px;height: 27px\" align=\"right\">Feb 2017<\/td><\/tr><tr style=\"height: 27px\"><td style=\"width: 445.850006px;height: 27px\" height=\"27\">Access Bars Practitioner<\/td><td class=\"xl63\" style=\"width: 133.362503px;height: 27px\" align=\"right\">M\u00e4r 2018<\/td><\/tr><tr style=\"height: 27px\"><td style=\"width: 445.850006px;height: 27px\" height=\"27\">Access MTVSS &amp; Dreifache Sequenzsysteme<\/td><td class=\"xl63\" style=\"width: 133.362503px;height: 27px\" align=\"right\">M\u00e4r 2018<\/td><\/tr><tr style=\"height: 27px\"><td style=\"width: 445.850006px;height: 27px\" height=\"27\">Access Facelift Practitioner<\/td><td class=\"xl63\" style=\"width: 133.362503px;height: 27px\" align=\"right\">Apr 2018<\/td><\/tr><tr style=\"height: 27px\"><td style=\"width: 445.850006px;height: 27px\" height=\"27\">Soul- und Parts Therapeutin<\/td><td class=\"xl63\" style=\"width: 133.362503px;height: 27px\" align=\"right\">Apr 2018<\/td><\/tr><tr style=\"height: 27px\"><td style=\"width: 445.850006px;height: 27px\" height=\"27\">Access Bars Facilitator<\/td><td class=\"xl63\" style=\"width: 133.362503px;height: 27px\" align=\"right\">Mai 2018<\/td><\/tr><tr style=\"height: 27px\"><td style=\"width: 445.850006px;height: 27px\" height=\"27\">Access Bars Practitioner<\/td><td class=\"xl63\" style=\"width: 133.362503px;height: 27px\" align=\"right\">Mai 2018<\/td><\/tr><tr style=\"height: 27px\"><td style=\"width: 445.850006px;height: 27px\" height=\"27\">Access Bars Practitioner<\/td><td class=\"xl63\" style=\"width: 133.362503px;height: 27px\" align=\"right\">Mai 2018<\/td><\/tr><tr style=\"height: 27px\"><td style=\"width: 445.850006px;height: 27px\" height=\"27\">Access Das Sehverm\u00f6gen verbessern<\/td><td class=\"xl63\" style=\"width: 133.362503px;height: 27px\" align=\"right\">Jun 2018<\/td><\/tr><tr style=\"height: 27px\"><td style=\"width: 445.850006px;height: 27px\" height=\"27\">Access the Foundation<\/td><td class=\"xl63\" style=\"width: 133.362503px;height: 27px\" align=\"right\">Jun 2018<\/td><\/tr><tr style=\"height: 27px\"><td style=\"width: 445.850006px;height: 27px\" height=\"27\">Geistige Wirbels\u00e4ulenaufrichtung<\/td><td class=\"xl63\" style=\"width: 133.362503px;height: 27px\" align=\"right\">Nov 2018<\/td><\/tr><tr style=\"height: 27px\"><td style=\"width: 445.850006px;height: 27px\" height=\"27\">Theta Healing Basic DNA<\/td><td class=\"xl63\" style=\"width: 133.362503px;height: 27px\" align=\"right\">Apr 2019<\/td><\/tr><tr style=\"height: 27px\"><td style=\"width: 445.850006px;height: 27px\" height=\"27\">Theta Healing Advanced DNA<\/td><td class=\"xl63\" style=\"width: 133.362503px;height: 27px\" align=\"right\">Jul 2019<\/td><\/tr><tr style=\"height: 27px\"><td style=\"width: 445.850006px;height: 27px\" height=\"27\">Theta Healing Dig Deeper<\/td><td class=\"xl63\" style=\"width: 133.362503px;height: 27px\" align=\"right\">Aug 2019<\/td><\/tr><tr style=\"height: 27px\"><td style=\"width: 445.850006px;height: 27px\" height=\"27\">Theta Healing Intuitive Anatomie<\/td><td class=\"xl63\" style=\"width: 133.362503px;height: 27px\" align=\"right\">Sep 2019<\/td><\/tr><tr style=\"height: 27px\"><td style=\"width: 445.850006px;height: 27px\" height=\"27\">Schamanische Heilweisen Grundlagen<\/td><td class=\"xl63\" style=\"width: 133.362503px;height: 27px\" align=\"right\">Mai 2020<\/td><\/tr><tr style=\"height: 27px\"><td style=\"width: 445.850006px;height: 27px\" height=\"27\">Medialit\u00e4t und Hellsicht - Grundlagen<\/td><td class=\"xl63\" style=\"width: 133.362503px;height: 27px\" align=\"right\">Aug 2020<\/td><\/tr><tr style=\"height: 27px\"><td style=\"width: 445.850006px;height: 27px\" height=\"27\">TimeWaver Schulungen diverse seit<\/td><td class=\"xl63\" style=\"width: 133.362503px;height: 27px\" align=\"right\">Mai 2021<\/td><\/tr><tr style=\"height: 27px\"><td style=\"width: 445.850006px;height: 27px\" height=\"27\">Systemischer Professional Coach<\/td><td class=\"xl63\" style=\"width: 133.362503px;height: 27px\" align=\"right\">Feb 2024<\/td><\/tr><tr style=\"height: 16px\"><td style=\"width: 445.850006px;height: 16px\">SRB&amp;B Practitioner \/ Mentorin f\u00fcr Wohlf\u00fchlk\u00f6rper<\/td><td style=\"width: 133.362503px;height: 16px;text-align: right\">Apr 2025<\/td><\/tr><tr><td style=\"width: 445.850006px\">TRE - Neurogenes Zittern<\/td><td style=\"width: 133.362503px;text-align: right\">Nov 2025<\/td><\/tr><tr><td style=\"width: 445.850006px\">Traumap\u00e4dagoge<\/td><td style=\"width: 133.362503px;text-align: right\">Nov 2025<\/td><\/tr><tr><td style=\"width: 445.850006px\">Massage- und Wellnesstherapeutin<\/td><td style=\"width: 133.362503px;text-align: right\">Apr 2026<\/td><\/tr><\/tbody><\/table><\/div><\/div><\/div><\/div>                                            <\/div>\n                                        <\/div>\n                                    <\/div>\n\t\t\t\t\t\t\t\t\t                                    <div  class=\"wppb-column-parent wppb-column-parent-view wppb-col-1731239228141  \"  >\n                                        <div class=\"wppb-column\">\n\t\t\t\t\t\n\t\t\t\t\t\t\t\t\t\t\t\n                                            <div class=\"wppb-builder-addons\">\n\t\t\t\t\t\t\t\t\t\t\t\t                                            <\/div>\n                                        <\/div>\n                                    <\/div>\n\t\t\t\t\t\t\t\t\t                        <\/div>\n\n                    <\/div>\n                <\/div>\n\t\t\t\t<\/div>","protected":false},"excerpt":{"rendered":"<p>Reiki erster Grad &#8211; nach UsuiJan 2011Meridian Energie Technik IFeb 2012Metamorphose SeminarNov 2012Reiki zweiter Grad &#8211; nach UsuiDez 2012Klangmassage-SeminarFeb 2013Meridian Energie Technik IIM\u00e4r 2013Intutitive Kindesiologie IJun 2013Kenntnisse in Aromatherapie &#8211; SelbststudiumJun 2013Heilpraktikerin f\u00fcr PsychotherapieJun 2014Intutitive Kindesiologie IISep 2014Aroma-Meridian-KlangmassageOkt 2014Integrative Psychotherapie &#8211; Basis-AusbildungNov 2014Hypnose GrundausbildungApr 2015EMDR-TherapeutinMai 2015Hypnoanalyse &#8211; Floris WeberJun 2015Hypnotherapie im Bereich der PsychosomatikSep 2015Medizinische &hellip; <\/p>\n","protected":false},"author":2,"featured_media":0,"parent":0,"menu_order":0,"comment_status":"closed","ping_status":"closed","template":"","meta":{"footnotes":""},"class_list":["post-572","page","type-page","status-publish","hentry"],"_links":{"self":[{"href":"https:\/\/emdr-hypnose-praxis.de\/new\/wp-json\/wp\/v2\/pages\/572","targetHints":{"allow":["GET"]}}],"collection":[{"href":"https:\/\/emdr-hypnose-praxis.de\/new\/wp-json\/wp\/v2\/pages"}],"about":[{"href":"https:\/\/emdr-hypnose-praxis.de\/new\/wp-json\/wp\/v2\/types\/page"}],"author":[{"embeddable":true,"href":"https:\/\/emdr-hypnose-praxis.de\/new\/wp-json\/wp\/v2\/users\/2"}],"replies":[{"embeddable":true,"href":"https:\/\/emdr-hypnose-praxis.de\/new\/wp-json\/wp\/v2\/comments?post=572"}],"version-history":[{"count":1,"href":"https:\/\/emdr-hypnose-praxis.de\/new\/wp-json\/wp\/v2\/pages\/572\/revisions"}],"predecessor-version":[{"id":573,"href":"https:\/\/emdr-hypnose-praxis.de\/new\/wp-json\/wp\/v2\/pages\/572\/revisions\/573"}],"wp:attachment":[{"href":"https:\/\/emdr-hypnose-praxis.de\/new\/wp-json\/wp\/v2\/media?parent=572"}],"curies":[{"name":"wp","href":"https:\/\/api.w.org\/{rel}","templated":true}]}}