{"id":95,"date":"2020-05-02T12:35:52","date_gmt":"2020-05-02T10:35:52","guid":{"rendered":"https:\/\/emdr-hypnose-praxis.de\/new\/?page_id=95"},"modified":"2025-11-28T08:27:43","modified_gmt":"2025-11-28T07:27:43","slug":"verwoehnmomente","status":"publish","type":"page","link":"https:\/\/emdr-hypnose-praxis.de\/new\/verwoehnmomente\/","title":{"rendered":"Ganzheitliche Verw\u00f6hnmomente"},"content":{"rendered":"<div id=\"wppb-builder-container\" class=\"wppb-builder-container\">                <div  class=\"wppb-row-parent  wppb-row-1589697992997 \"  >\n\t\t\t\t\t\n\t\t\t\t\t\t\t\t\t\t\n\t\t\t\t\t\t\t\t\t\t\n\t\t\t\t\t<div class=\"wppb-container \">\n\t\t\t\t\t\t\t\t\t\t\t\t\t\n                        <div class=\"wppb-row\">\n\t\t\t\t\t\t\t                                    <div  class=\"wppb-column-parent wppb-column-parent-view wppb-col-1589697992998  \"  >\n                                        <div class=\"wppb-column\">\n\t\t\t\t\t\n\t\t\t\t\t\t\t\t\t\t\t\n                                            <div class=\"wppb-builder-addons\">\n\t\t\t\t\t\t\t\t\t\t\t\t<div class='wppb-builder-addon wppb-addon-1589697992999 wppb-wow fadeIn'  data-wow-delay='112ms'  data-wow-duration='2233ms'  data-addon-id='1589697992999'><div class='wppb-addon'><div class=\"wppb-headline-addon\"><div class=\"wppb-headline-content\"><h1 class=\"wppb-addon-title\">Ganzheitliche Verw\u00f6hnmomente<\/h1><\/div><\/div><\/div><\/div>                                            <\/div>\n                                        <\/div>\n                                    <\/div>\n\t\t\t\t\t\t\t\t\t                        <\/div>\n\n                    <\/div>\n                <\/div>\n\t\t\t\t                <div  class=\"wppb-row-parent  wppb-row-1588408703188 \"  >\n\t\t\t\t\t\n\t\t\t\t\t\t\t\t\t\t\n\t\t\t\t\t\t\t\t\t\t\n\t\t\t\t\t<div class=\"wppb-container \">\n\t\t\t\t\t\t\t\t\t\t\t\t\t\n                        <div class=\"wppb-row\">\n\t\t\t\t\t\t\t                                    <div  class=\"wppb-column-parent wppb-column-parent-view wppb-col-1588408703187  \"  >\n                                        <div class=\"wppb-column\">\n\t\t\t\t\t\n\t\t\t\t\t\t\t\t\t\t\t\n                                            <div class=\"wppb-builder-addons\">\n\t\t\t\t\t\t\t\t\t\t\t\t<div class='wppb-builder-addon wppb-addon-1588408717165 wppb-wow fadeIn'  data-wow-delay='112ms'  data-wow-duration='2233ms'  data-addon-id='1588408717165'><div class='wppb-addon'><div class=\"wppb-image-addon\"><figure class=\"wppb-image-addon-content-wrap\"><div class=\"wppb-image-addon-content wppb-imginlineblock\"><img decoding=\"async\" class=\"wppb-image-addon-img\" src=\"https:\/\/emdr-hypnose-praxis.de\/new\/wp-content\/uploads\/2025\/11\/4.png\" alt=\"Image\"><\/div><\/figure><\/div><\/div><\/div>                                            <\/div>\n                                        <\/div>\n                                    <\/div>\n\t\t\t\t\t\t\t\t\t                        <\/div>\n\n                    <\/div>\n                <\/div>\n\t\t\t\t                <div  class=\"wppb-row-parent  wppb-row-1764314137334 \"  >\n\t\t\t\t\t\n\t\t\t\t\t\t\t\t\t\t\n\t\t\t\t\t\t\t\t\t\t\n\t\t\t\t\t<div class=\"wppb-container \">\n\t\t\t\t\t\t\t\t\t\t\t\t\t\n                        <div class=\"wppb-row\">\n\t\t\t\t\t\t\t                                    <div  class=\"wppb-column-parent wppb-column-parent-view wppb-col-1764314137335  \"  >\n                                        <div class=\"wppb-column\">\n\t\t\t\t\t\n\t\t\t\t\t\t\t\t\t\t\t\n                                            <div class=\"wppb-builder-addons\">\n\t\t\t\t\t\t\t\t\t\t\t\t<div class='wppb-builder-addon wppb-addon-1764314137336 wppb-wow fadeIn'  data-wow-delay='112ms'  data-wow-duration='2233ms'  data-addon-id='1764314137336'><div class='wppb-addon'><div class=\"wppb-headline-addon\"><div class=\"wppb-headline-content\"><h3 class=\"wppb-addon-title\">Zeit nur f\u00fcr dich \u2013 nichts tun, loslassen, wohlf\u00fchlen<\/h3><\/div><\/div><\/div><\/div>                                            <\/div>\n                                        <\/div>\n                                    <\/div>\n\t\t\t\t\t\t\t\t\t                        <\/div>\n\n                    <\/div>\n                <\/div>\n\t\t\t\t                <div  class=\"wppb-row-parent  wppb-row-1588408703198 \"  >\n\t\t\t\t\t\n\t\t\t\t\t\t\t\t\t\t\n\t\t\t\t\t\t\t\t\t\t\n\t\t\t\t\t<div class=\"wppb-container \">\n\t\t\t\t\t\t\t\t\t\t\t\t\t\n                        <div class=\"wppb-row\">\n\t\t\t\t\t\t\t                                    <div  class=\"wppb-column-parent wppb-column-parent-view wppb-col-1588408703197  \"  >\n                                        <div class=\"wppb-column\">\n\t\t\t\t\t\n\t\t\t\t\t\t\t\t\t\t\t\n                                            <div class=\"wppb-builder-addons\">\n\t\t\t\t\t\t\t\t\t\t\t\t<div class='wppb-builder-addon wppb-addon-1588408754763 wppb-wow fadeIn'  data-wow-delay='112ms'  data-wow-duration='2233ms'  data-addon-id='1588408754763'><div class='wppb-addon'><div class=\"wppb-text-block-addon\"><div class=\"wppb-text-block-content 0\"><p data-start=\"385\" data-end=\"586\">Hier kannst du dich <strong data-start=\"405\" data-end=\"430\">einfach fallen lassen<\/strong> und brauchst nichts zu tun. Du darfst <strong data-start=\"471\" data-end=\"523\">entspannen, auftanken und dich rundum wohlf\u00fchlen<\/strong> \u2013 alles geschieht sanft und angenehm w\u00e4hrend der Behandlung.<\/p><p data-start=\"588\" data-end=\"872\">W\u00e4hrend du Ruhe genie\u00dft, kann sich dein <strong data-start=\"628\" data-end=\"659\">K\u00f6rper nach und nach \u00f6ffnen<\/strong>, Verspannungen l\u00f6sen, Blockaden leichter werden und dein Stresslevel sp\u00fcrbar sinken. Viele Menschen erleben dabei, dass sich die Muskulatur entspannt, die innere Balance wiederkehrt und sie neue Energie sp\u00fcren.<\/p><p data-start=\"874\" data-end=\"1019\">Im Anschluss wirst du dich <strong data-start=\"901\" data-end=\"936\">entspannt, leicht und gl\u00fccklich<\/strong> f\u00fchlen \u2013 vielleicht sogar mit einem <strong data-start=\"973\" data-end=\"995\">neuen K\u00f6rpergef\u00fchl<\/strong>, das dich \u00fcberrascht.<\/p><p data-start=\"1021\" data-end=\"1268\">Diese Behandlungen sind sowohl zur <strong data-start=\"1056\" data-end=\"1070\">Pr\u00e4vention<\/strong> als auch zur <strong data-start=\"1084\" data-end=\"1122\">Unterst\u00fctzung deines Wohlbefindens<\/strong> geeignet. Wenn bereits Unstimmigkeiten oder gesundheitliche Themen bestehen, besprechen wir pers\u00f6nlich, welche Behandlung f\u00fcr dich passend ist.<\/p><\/div><\/div><\/div><\/div>                                            <\/div>\n                                        <\/div>\n                                    <\/div>\n\t\t\t\t\t\t\t\t\t                        <\/div>\n\n                    <\/div>\n                <\/div>\n\t\t\t\t                <div  class=\"wppb-row-parent  wppb-row-1588416453283 \"  >\n\t\t\t\t\t\n\t\t\t\t\t\t\t\t\t\t\n\t\t\t\t\t\t\t\t\t\t\n\t\t\t\t\t<div class=\"wppb-container \">\n\t\t\t\t\t\t\t\t\t\t\t\t\t\n                        <div class=\"wppb-row\">\n\t\t\t\t\t\t\t                                    <div  class=\"wppb-column-parent wppb-column-parent-view wppb-col-1588416453282  \"  >\n                                        <div class=\"wppb-column\">\n\t\t\t\t\t\n\t\t\t\t\t\t\t\t\t\t\t\n                                            <div class=\"wppb-builder-addons\">\n\t\t\t\t\t\t\t\t\t\t\t\t<div class='wppb-builder-addon wppb-addon-1588417679287 wppb-wow fadeIn'  data-wow-delay='112ms'  data-wow-duration='2233ms'  data-addon-id='1588417679287'><div class='wppb-addon'><div class=\"wppb-headline-addon\"><div class=\"wppb-headline-content\"><h2 class=\"wppb-addon-title\">Lass dich mit folgenden Behandlungen verw\u00f6hnen<\/h2><\/div><\/div><\/div><\/div>                                            <\/div>\n                                        <\/div>\n                                    <\/div>\n\t\t\t\t\t\t\t\t\t                        <\/div>\n\n                    <\/div>\n                <\/div>\n\t\t\t\t                <div  class=\"wppb-row-parent  wppb-row-1588411847761 \"  >\n\t\t\t\t\t\n\t\t\t\t\t\t\t\t\t\t\n\t\t\t\t\t\t\t\t\t\t\n\t\t\t\t\t<div class=\"wppb-container \">\n\t\t\t\t\t\t\t\t\t\t\t\t\t\n                        <div class=\"wppb-row\">\n\t\t\t\t\t\t\t                                    <div  class=\"wppb-column-parent wppb-column-parent-view wppb-col-1588411847762  \"  >\n                                        <div class=\"wppb-column\">\n\t\t\t\t\t\n\t\t\t\t\t\t\t\t\t\t\t\n                                            <div class=\"wppb-builder-addons\">\n\t\t\t\t\t\t\t\t\t\t\t\t<div class='wppb-builder-addon wppb-addon-1588411847763'  data-addon-id='1588411847763'><div class='wppb-addon'><div class=\"wppb-feature-box-addon\"><div class=\"wppb-feature-box-content\"><div class=\"wppb-feature-box-img wppb-wow wppb-animated fadeIn\" data-wow-duration=\"2233ms\" data-wow-delay=\"112ms\"><img decoding=\"async\" src=\"https:\/\/emdr-hypnose-praxis.de\/new\/wp-content\/uploads\/2020\/05\/2-3.png\" alt=\"Innere Aufrichtung &amp; Balance\"><\/div><h4 class=\"wppb-feature-box-title\"><a  href=\"https:\/\/emdr-hypnose-praxis.de\/new\/wirbelsaeulen-aufrichtung-energetisch\/\" >Innere Aufrichtung &amp; Balance<\/a><\/h4><\/div><\/div><\/div><\/div>                                            <\/div>\n                                        <\/div>\n                                    <\/div>\n\t\t\t\t\t\t\t\t\t                                    <div  class=\"wppb-column-parent wppb-column-parent-view wppb-col-1588411847764  \"  >\n                                        <div class=\"wppb-column\">\n\t\t\t\t\t\n\t\t\t\t\t\t\t\t\t\t\t\n                                            <div class=\"wppb-builder-addons\">\n\t\t\t\t\t\t\t\t\t\t\t\t<div class='wppb-builder-addon wppb-addon-1588411847748'  data-addon-id='1588411847748'><div class='wppb-addon'><div class=\"wppb-feature-box-addon\"><div class=\"wppb-feature-box-content\"><div class=\"wppb-feature-box-img wppb-wow wppb-animated fadeIn\" data-wow-duration=\"2233ms\" data-wow-delay=\"112ms\"><img decoding=\"async\" src=\"https:\/\/emdr-hypnose-praxis.de\/new\/wp-content\/uploads\/2020\/05\/Access-Bars.png\" alt=\"Mind Reset - Sanfte Kopfbehandlung\"><\/div><h4 class=\"wppb-feature-box-title\"><a  href=\"https:\/\/emdr-hypnose-praxis.de\/new\/transformierende-kopfbehandlung\/\" >Mind Reset - Sanfte Kopfbehandlung<\/a><\/h4><\/div><\/div><\/div><\/div>                                            <\/div>\n                                        <\/div>\n                                    <\/div>\n\t\t\t\t\t\t\t\t\t                                    <div  class=\"wppb-column-parent wppb-column-parent-view wppb-col-1588411847766  \"  >\n                                        <div class=\"wppb-column\">\n\t\t\t\t\t\n\t\t\t\t\t\t\t\t\t\t\t\n                                            <div class=\"wppb-builder-addons\">\n\t\t\t\t\t\t\t\t\t\t\t\t<div class='wppb-builder-addon wppb-addon-1588411847753'  data-addon-id='1588411847753'><div class='wppb-addon'><div class=\"wppb-feature-box-addon\"><div class=\"wppb-feature-box-content\"><div class=\"wppb-feature-box-img wppb-wow wppb-animated fadeIn\" data-wow-duration=\"2233ms\" data-wow-delay=\"112ms\"><img decoding=\"async\" src=\"https:\/\/emdr-hypnose-praxis.de\/new\/wp-content\/uploads\/2020\/05\/Heilbehandlung.png\" alt=\"Innere Oase -Wohlf\u00fchlbehandlung\"><\/div><h4 class=\"wppb-feature-box-title\"><a  href=\"https:\/\/emdr-hypnose-praxis.de\/new\/ganzkoerper\/\" >Innere Oase -Wohlf\u00fchlbehandlung<\/a><\/h4><\/div><\/div><\/div><\/div>                                            <\/div>\n                                        <\/div>\n                                    <\/div>\n\t\t\t\t\t\t\t\t\t                        <\/div>\n\n                    <\/div>\n                <\/div>\n\t\t\t\t                <div  class=\"wppb-row-parent  wppb-row-1588408703243 \"  >\n\t\t\t\t\t\n\t\t\t\t\t\t\t\t\t\t\n\t\t\t\t\t\t\t\t\t\t\n\t\t\t\t\t<div class=\"wppb-container \">\n\t\t\t\t\t\t\t\t\t\t\t\t\t\n                        <div class=\"wppb-row\">\n\t\t\t\t\t\t\t                                    <div  class=\"wppb-column-parent wppb-column-parent-view wppb-col-1588408703241  \"  >\n                                        <div class=\"wppb-column\">\n\t\t\t\t\t\n\t\t\t\t\t\t\t\t\t\t\t\n                                            <div class=\"wppb-builder-addons\">\n\t\t\t\t\t\t\t\t\t\t\t\t<div class='wppb-builder-addon wppb-addon-1588411847760'  data-addon-id='1588411847760'><div class='wppb-addon'><div class=\"wppb-feature-box-addon\"><div class=\"wppb-feature-box-content\"><div class=\"wppb-feature-box-img wppb-wow wppb-animated fadeIn\" data-wow-duration=\"2233ms\" data-wow-delay=\"112ms\"><img decoding=\"async\" src=\"https:\/\/emdr-hypnose-praxis.de\/new\/wp-content\/uploads\/2020\/05\/6_Loslassen-u-Heilen-wellness-285591_1920.png\" alt=\"Sound &amp; Vibration Klangmassage\"><\/div><h4 class=\"wppb-feature-box-title\"><a  href=\"https:\/\/emdr-hypnose-praxis.de\/new\/klangmassage-klangtherapie\/\" >Sound &amp; Vibration Klangmassage<\/a><\/h4><\/div><\/div><\/div><\/div>                                            <\/div>\n                                        <\/div>\n                                    <\/div>\n\t\t\t\t\t\t\t\t\t                                    <div  class=\"wppb-column-parent wppb-column-parent-view wppb-col-1588408703286  \"  >\n                                        <div class=\"wppb-column\">\n\t\t\t\t\t\n\t\t\t\t\t\t\t\t\t\t\t\n                                            <div class=\"wppb-builder-addons\">\n\t\t\t\t\t\t\t\t\t\t\t\t<div class='wppb-builder-addon wppb-addon-1588411847765'  data-addon-id='1588411847765'><div class='wppb-addon'><div class=\"wppb-feature-box-addon\"><div class=\"wppb-feature-box-content\"><div class=\"wppb-feature-box-img wppb-wow wppb-animated fadeIn\" data-wow-duration=\"2233ms\" data-wow-delay=\"112ms\"><img decoding=\"async\" src=\"https:\/\/emdr-hypnose-praxis.de\/new\/wp-content\/uploads\/2020\/05\/Metamorphose_canva.png\" alt=\"Metamorphose -Innerer Wandel\"><\/div><h4 class=\"wppb-feature-box-title\"><a  href=\"https:\/\/emdr-hypnose-praxis.de\/new\/metamorphose-behandlung\/\" >Metamorphose -Innerer Wandel<\/a><\/h4><\/div><\/div><\/div><\/div>                                            <\/div>\n                                        <\/div>\n                                    <\/div>\n\t\t\t\t\t\t\t\t\t                                    <div  class=\"wppb-column-parent wppb-column-parent-view wppb-col-1588408703242  \"  >\n                                        <div class=\"wppb-column\">\n\t\t\t\t\t\n\t\t\t\t\t\t\t\t\t\t\t\n                                            <div class=\"wppb-builder-addons\">\n\t\t\t\t\t\t\t\t\t\t\t\t<div class='wppb-builder-addon wppb-addon-1588411847767'  data-addon-id='1588411847767'><div class='wppb-addon'><div class=\"wppb-feature-box-addon\"><div class=\"wppb-feature-box-content\"><div class=\"wppb-feature-box-img wppb-wow wppb-animated fadeIn\" data-wow-duration=\"2233ms\" data-wow-delay=\"112ms\"><img decoding=\"async\" src=\"https:\/\/emdr-hypnose-praxis.de\/new\/wp-content\/uploads\/2020\/07\/Canva-Frequenzheilung.png\" alt=\"Good Vibes mit Stimmgabeln\"><\/div><h4 class=\"wppb-feature-box-title\"><a  href=\"https:\/\/emdr-hypnose-praxis.de\/new\/frequenz-heilung\/\" >Good Vibes mit Stimmgabeln<\/a><\/h4><\/div><\/div><\/div><\/div>                                            <\/div>\n                                        <\/div>\n                                    <\/div>\n\t\t\t\t\t\t\t\t\t                        <\/div>\n\n                    <\/div>\n                <\/div>\n\t\t\t\t<\/div>","protected":false},"excerpt":{"rendered":"<p>Ganzheitliche Verw\u00f6hnmomente Zeit nur f\u00fcr dich \u2013 nichts tun, loslassen, wohlf\u00fchlen Hier kannst du dich einfach fallen lassen und brauchst nichts zu tun. Du darfst entspannen, auftanken und dich rundum wohlf\u00fchlen \u2013 alles geschieht sanft und angenehm w\u00e4hrend der Behandlung.W\u00e4hrend du Ruhe genie\u00dft, kann sich dein K\u00f6rper nach und nach \u00f6ffnen, Verspannungen l\u00f6sen, Blockaden leichter &hellip; <\/p>\n","protected":false},"author":2,"featured_media":0,"parent":0,"menu_order":0,"comment_status":"closed","ping_status":"closed","template":"","meta":{"footnotes":""},"class_list":["post-95","page","type-page","status-publish","hentry"],"_links":{"self":[{"href":"https:\/\/emdr-hypnose-praxis.de\/new\/wp-json\/wp\/v2\/pages\/95","targetHints":{"allow":["GET"]}}],"collection":[{"href":"https:\/\/emdr-hypnose-praxis.de\/new\/wp-json\/wp\/v2\/pages"}],"about":[{"href":"https:\/\/emdr-hypnose-praxis.de\/new\/wp-json\/wp\/v2\/types\/page"}],"author":[{"embeddable":true,"href":"https:\/\/emdr-hypnose-praxis.de\/new\/wp-json\/wp\/v2\/users\/2"}],"replies":[{"embeddable":true,"href":"https:\/\/emdr-hypnose-praxis.de\/new\/wp-json\/wp\/v2\/comments?post=95"}],"version-history":[{"count":4,"href":"https:\/\/emdr-hypnose-praxis.de\/new\/wp-json\/wp\/v2\/pages\/95\/revisions"}],"predecessor-version":[{"id":727,"href":"https:\/\/emdr-hypnose-praxis.de\/new\/wp-json\/wp\/v2\/pages\/95\/revisions\/727"}],"wp:attachment":[{"href":"https:\/\/emdr-hypnose-praxis.de\/new\/wp-json\/wp\/v2\/media?parent=95"}],"curies":[{"name":"wp","href":"https:\/\/api.w.org\/{rel}","templated":true}]}}